{"id":1183,"date":"2017-06-20T10:05:39","date_gmt":"2017-06-20T07:05:39","guid":{"rendered":"https:\/\/eks.ee\/en\/?page_id=1183"},"modified":"2017-06-20T10:05:39","modified_gmt":"2017-06-20T07:05:39","slug":"statute","status":"publish","type":"page","link":"https:\/\/eks.ee\/en\/statute\/","title":{"rendered":"Statute"},"content":{"rendered":"<h1>MITTETULUNDUS\u00dcHINGU EESTI KARDIOLOOGIDE SELTS P\u00d5HIKIRI<\/h1>\n<p>1. Mittetulundus\u00fchingu nimi on Eesti Kardioloogide Selts (l\u00fchendatult ja edaspidi nimetatud &#8211; EKS), inglise keeles: Estonian Society of Cardiology.<\/p>\n<p>2. EKS asukohaks on Tallinn<\/p>\n<p>3. EKS tegevus, eesm\u00e4rk ja vara<br \/>\n3.1. EKS on 1963. aastal asutatud Eesti kardioloogide ja teiste kardioloogiaalaste teadusliku, praktilise \u2013 pedagoogilise t\u00f6\u00f6ga seotud arstide \u00fchendus, mis kaitseb ja esindab oma liikmete \u00f5igusi ja huve riigi- ja kohaliku omavalitsuse organites. EKS tegevust teostavad t\u00f6\u00f6grupid, t\u00f6\u00f6r\u00fchmad ja \u00fcksikliikmed.<br \/>\n3.2. EKS eesm\u00e4rgid:<br \/>\n3.2.1. s\u00fcdame-veresoonkonnahaiguste diagnostika-, ravi- ja prof\u00fclaktika teooria ja praktika edendamine, sh koolituste l\u00e4biviimine;<br \/>\n3.2.2. seltsi liikmete erialase kvalifikatsiooni t\u00f5stmine, osalemine erialase p\u00e4devushindamise n\u00f5uete koostamisel ja p\u00e4devushindamise l\u00e4biviimisel;<br \/>\n3.2.3. oluliste tervishoiupoliitiliste probleemide t\u00f5statamine ning osalemine seadusloomes ning tervishoiukorralduses riiklikul ja omavalitsuste tasandil;<br \/>\n3.2.4. koost\u00f6\u00f6 arendamine Euroopa Kardioloogide Seltsiga ja teiste riikide kardioloogide organisatsioonidega;<br \/>\n3.2.5. koost\u00f6\u00f6 arendamine teiste erialaseltsidega ja organisatsioonidega p 3.2.1. \u2013 p 3.2.3. toodud eesm\u00e4rkide saavutamiseks.<br \/>\n3.3. EKS vara<br \/>\n3.3.1. EKS vara moodustub:<br \/>\n3.3.1.1. liikmemaksudest;<br \/>\n3.3.1.2. annetustest ja toetustest;<br \/>\n3.3.1.3. tuludest \u00fcrituste korraldamisel;<br \/>\n3.3.1.4. muudest laekumistest.<\/p>\n<p>4. EKS liikmeskond, liikmeks vastuv\u00f5tmise, v\u00e4ljaastumise ja v\u00e4ljaarvamise tingimused ja kord:<br \/>\n4.1. EKS kuulumise eelduseks on P\u00f5hikirjas toodud eesm\u00e4rkide ja tegevussuundade tunnustamine ja j\u00e4rgimine.<br \/>\n4.2. EKS liikmeskond koosneb liikmetest, kes jagunevad tegevliikmeteks, auliikmeteks ja toetajaliikmeteks.<br \/>\n4.3. EKS au- ja tegevliikmeteks v\u00f5ivad olla k\u00f5ik arstid, kelle t\u00f6\u00f6 on seotud v\u00f5i on olnud seotud kardioloogia teaduslike, pedagoogiliste v\u00f5i praktiliste aspektidega.<br \/>\n4.4. EKS liikmeks vastuv\u00f5tmise otsustab EKS juhatus soovija kirjaliku avalduse alusel, tegevliikmeks astumise avaldusele peab olema lisatud kahe (2) liikme (tegev- v\u00f5i auliikme) soovitus.<br \/>\n4.5. Kui EKS juhatus keeldub taotlejat liikmeks vastu v\u00f5tmast, v\u00f5ib taotleja n\u00f5uda, et tema liikmeks vastuv\u00f5tmise otsustab \u00fcldkoosolek.<br \/>\n4.6. Juhatus korraldab EKS-i liikmete arvestuse.<br \/>\n4.7. Liikmelisust EKS ja liikme\u00f5iguste teostamist ei saa \u00fcle anda ega p\u00e4randada, kui seaduses ei ole s\u00e4testatud teisiti. F\u00fc\u00fcsilisest isikust liikme surma v\u00f5i juriidilisest isikust liikme l\u00f5ppemise korral tema liikmelisus EKS-s l\u00f5peb.<br \/>\n4.8. EKS liikmel on \u00f5igus avalduse alusel EKS-st v\u00e4lja astuda.<br \/>\n4.9. Liikme v\u00f5ib EKS-st v\u00e4lja arvata juhatuse otsusega p\u00f5hikirjas\u00e4tete t\u00e4itmata j\u00e4tmise v\u00f5i \u00fchingu olulisel m\u00e4\u00e4ral kahjustamise t\u00f5ttu v\u00f5i liikmemaksu tasumata j\u00e4tmisel kahe j\u00e4rjestikuse aasta jooksul.<br \/>\n4.10. EKS v\u00e4lja arvatud liikmele tuleb tema \u00fchingust v\u00e4ljaarvamise otsuse tegemisest ja selle p\u00f5hjusest viivitamatult kirjalikult teatada.<br \/>\n4.11. Kui liikme v\u00e4ljaarvamise otsustab EKS juhatus, v\u00f5ib liige n\u00f5uda v\u00e4ljaarvamise otsustamist \u00fcldkoosoleku poolt.<br \/>\n4.12. Isikul, kelle liikmelisus EKS on l\u00f5ppenud, ei ole \u00f5igusi \u00fchingu varale.<br \/>\n4.13. EKS auliikmeks valitakse EKS juhatuse ettepanekul \u00fcldkoosoleku 2\/3 h\u00e4\u00e4lteenamusega isikuid, kellel on erilisi teeneid Eesti kardioloogia ja tervishoiu edendamisel v\u00f5i EKS tegevusele kaasaaitamisel.<br \/>\n4.14. EKS toetajaliikmeks arvatakse juhatuse otsusel f\u00fc\u00fcsilised v\u00f5i juriidilised isikud, kelle tegevus on suunatud kardioloogia v\u00f5i tervishoiu edendamisele, EKS tegevusele kaasaaitamisele.<\/p>\n<p>5. EKS tegevliikmetel ja auliikmetel on \u00f5igus:<br \/>\n5.1. osa v\u00f5tta EKS tegevusest vastavalt p\u00f5hikirjas toodud eesm\u00e4rgile;<br \/>\n5.2. valida EKS juhtorganeid ning olla valitud EKS juhatusse;<br \/>\n5.3. esitada EKS organitele ettepanekuid, teha arup\u00e4rimisi nende tegevuse kohta, tutvuda EKS tegevust puudutava dokumentatsiooniga;<br \/>\n5.4. taotleda EKS kaitset ja toetust kutset\u00f6\u00f6s.<\/p>\n<p>6. EKS liikmed on kohustatud:<br \/>\n6.1. t\u00e4itma p\u00f5hikirja s\u00e4tteid ja juhtorganite otsuseid;<br \/>\n6.2. aitama kaasa p\u00f5hikirjaliste \u00fclesannete t\u00e4itmisele;<br \/>\n6.3. suhtuma heaperemehelikult EKS varasse;<br \/>\n6.4. j\u00e4rgima erialases t\u00f6\u00f6s, seltsi tegevuses ning omavahelises suhtlemises Euroopa Kardioloogide Seltsi eetikakoodeksit ja teisi \u00fcldtunnustatud arstlikke eetikaprintsiipe;<br \/>\n6.5. EKS tegevliikmed ja toetajaliikmed on kohustatud tasuma iga-aastast liikmemaksu, mille suuruse m\u00e4\u00e4rab EKS \u00fcldkoosolek.<\/p>\n<p>7. EKS juhtimine ja struktuur<br \/>\n7.1. EKS \u00dcldkoosolek<br \/>\n7.1.1. EKS k\u00f5rgeimaks organiks on selle liikmete \u00fcldkoosolek. \u00dcldkoosolekul v\u00f5ivad osaleda k\u00f5ik EKS liikmed, h\u00e4\u00e4le\u00f5iguslikud on tegevliikmed ja auliikmed.<br \/>\n7.1.2. \u00dcldkoosolek v\u00f5tab vastu otsuseid k\u00f5ikides EKS juhtimise k\u00fcsimustes, mida ei ole seaduse v\u00f5i p\u00f5hikirjaga antud juhatuse v\u00f5i EKS muu organi p\u00e4devusse.<br \/>\n7.1.3. \u00dcldkoosoleku p\u00e4devusse kuulub:<br \/>\n7.1.3.1. p\u00f5hikirja muutmine;<br \/>\n7.1.3.2. juhatuse liikmete m\u00e4\u00e4ramine ja tagasikutsumine, revisjoni (revidendi) ja audiitorkontrolli m\u00e4\u00e4ramine;<br \/>\n7.1.3.3. volinike valimine ja tagasikutsumine;<br \/>\n7.1.3.4. juhatuse v\u00f5i muu p\u00f5hikirjaga etten\u00e4htud organi liikmega tehingu tegemise otsustamine, tehingu tingimuste m\u00e4\u00e4ramine, \u00f5igusvaidluse pidamise otsustamine ning selles tehingus v\u00f5i vaidluses EKS esindaja m\u00e4\u00e4ramine;<br \/>\n7.1.3.5. EKS eelarve, liikmemaksu suuruse ja majandusaasta aruande kinnitamine;<br \/>\n7.1.3.6. EKS l\u00f5petamise, \u00fchinemise ja jagunemise otsustamine;<br \/>\n7.1.3.7. EKS tegevuse \u00fcldsuundade kinnitamine;<br \/>\n7.1.3.8. muude k\u00fcsimuste otsustamine, mida ei ole seaduse v\u00f5i p\u00f5hikirjaga antud teiste organite p\u00e4devusse;<br \/>\n7.1.3.9. punktides 7.1.3.1.\u20137.1.3.7. nimetatud k\u00fcsimuste otsustamist ei tohi p\u00f5hikirjaga anda juhatuse v\u00f5i muu organi p\u00e4devusse.<br \/>\n7.2. EKS \u00fcldkoosoleku kokkukutsumise tingimused ja kord<br \/>\n7.2.1. EKS \u00fcldkoosoleku kutsub kokku juhatus v\u00e4hemalt \u00fcks kord aastas.<br \/>\n7.2.2. Juhatus peab \u00fcldkoosoleku kokku kutsuma seaduses v\u00f5i p\u00f5hikirjaga etten\u00e4htud juhtudel ja korras, samuti siis, kui \u00fchingu huvid seda n\u00f5uavad.<br \/>\n7.2.3. Juhatus peab \u00fcldkoosoleku kokku kutsuma, kui seda n\u00f5uab kirjalikult ja p\u00f5hjust \u00e4ra n\u00e4idates v\u00e4hemalt 1\/10 EKS liikmetest.<br \/>\n7.2.4. Kui juhatus ei kutsu \u00fcldkoosolekut p\u00f5hikirja punktis 7.2.3. nimetatud asjaoludel kokku, v\u00f5ivad taotlejad \u00fcldkoosoleku ise kokku kutsuda samas korras juhatusega.<br \/>\n7.2.5. \u00dcldkoosoleku kokkukutsumisest peab kirjalikult ette teatama v\u00e4hemalt 14 p\u00e4eva.<br \/>\n7.2.6. \u00dcldkoosoleku kokkukutsumise teates tuleb m\u00e4rkida \u00fcldkoosoleku toimumise aeg ja koht ning \u00fcldkoosoleku p\u00e4evakord.<br \/>\n7.2.7. Liikmed v\u00f5ivad vajadusel n\u00f5uda muudatusettepanekuid \u00fcldkoosoleku p\u00e4evakorda kuni 7 p\u00e4eva jooksul \u00fcldkoosoleku teate saamisest, l\u00f5pliku p\u00e4evakorraga \u00fcldkoosoleku kutse esitatakse p 7.2.5. n\u00e4idatud etteteatamist\u00e4htajaga.<br \/>\n7.2.8. \u00dcldkoosolekut juhatab EKS president. Juhul, kui president ei saa \u00fcldkoosolekust osa v\u00f5tta, siis juhatab \u00fcldkoosolekut m\u00f5ni teine juhatuse liige.<br \/>\n7.2.9. \u00dcldkoosoleku kohta koostatakse protokoll, millele kirjutavad alla koosoleku juhataja ja protokollija.<br \/>\n7.2.10. Kui \u00fcldkoosolek ei ole kvoorumin\u00f5ude mittet\u00e4itmise korral p\u00e4dev otsuseid vastu v\u00f5tma, siis kutsub juhatus kolme n\u00e4dala jooksul kokku uue \u00fcldkoosoleku sama p\u00e4evakorraga ja uus koosolek on p\u00e4dev otsuseid vastu v\u00f5tma s\u00f5ltumata osalejate arvust.<br \/>\n7.2.11. \u00dcldkoosolekul mitteosalevad tegev- ja auliikmed v\u00f5ivad lihtkirjaliku volikirja alusel delegeerida teist EKS tegev- v\u00f5i auliiget enda eest h\u00e4\u00e4letama, \u00fcheks konkreetseks \u00fcldkoosolekuks m\u00f5eldud volikiri tuleb esitada enne koosoleku algust juhatusele, volikirjad arhiveeritakse.<br \/>\n7.3. EKS \u00fcldkoosolekuotsuste vastuv\u00f5tmise kord<br \/>\n7.3.1. \u00dcldkoosolek on otsustusv\u00f5imeline, kui sellel osaleb v\u00f5i on esindatud \u00fcle \u2153 (\u00fcks kolmandik) liikmetest.<br \/>\n7.3.2. \u00dcldkoosoleku otsused v\u00f5etakse vastu lihth\u00e4\u00e4leenamusega.<br \/>\n7.3.3. P\u00f5hikirja muutmiseks ja EKS l\u00f5petamiseks peab selle poolt h\u00e4\u00e4letama 2\/3 \u00fcldkoosolekul osalenutest.<br \/>\n7.3.4. P\u00f5hikirjas etten\u00e4htud mittetulundus\u00fchingu eesm\u00e4rgi muutmiseks on vajalik v\u00e4hemalt 9\/10 liikmete n\u00f5usolek. Muutmist otsustanud \u00fcldkoosolekul mitteosalenud liikme n\u00f5usolek peab olema esitatud kirjalikult.<br \/>\n7.3.5. \u00dcldkoosoleku otsus on t\u00fchine, kui otsuse teinud \u00fcldkoosoleku protokoll ei ole seaduses s\u00e4testatud juhul notariaalselt t\u00f5estatud v\u00f5i kui otsuse vastuv\u00f5tmisel rikuti \u00fcldkoosoleku kokkukutsumise korda. Otsus on t\u00fchine ka seaduses s\u00e4testatud muul juhul.<\/p>\n<p>8. EKS juhatus<br \/>\n8.1. EKS-l on juhatus, mis seda juhib ja esindab.<br \/>\n8.2. Juhatusse kuulub 7 liiget: president, sekret\u00e4r, laekur ja neli juhatuse liiget. Sekret\u00e4ril on \u00fcldjuhul \u00f5igus olla valitud j\u00e4rgmiseks EKS presidendiks. Juhatus teeb \u00fcldkoosolekule esildise sekret\u00e4ri presidendiks valimiseks.<br \/>\n8.3. EKS finantsdokumente allkirjastab ja teostab tehinguid president v\u00f5i eelnevalt koosk\u00f5lastatud eelarve piires laekur ainuisikuliselt.<br \/>\n8.4. Juhatus valitakse 3 (kolmeks) aastaks.<br \/>\n8.5. Juhatuse koosolek kutsutakse kokku vastavalt vajadusele.<br \/>\n8.6. Juhatus v\u00f5ib vastu v\u00f5tta otsuseid, kui selle koosolekul osaleb \u00fcle poole juhatuse liikmetest.<br \/>\n8.7. Juhatuse otsuse vastuv\u00f5tmiseks on n\u00f5utav juhatuse koosolekul osalenud juhatuse liikmete poolth\u00e4\u00e4lteenamus, h\u00e4\u00e4lte v\u00f5rdsel jagunemisel on otsustavaks presidendi h\u00e4\u00e4l.<br \/>\n8.8. Juhatuse \u00fclesanneteks on:<br \/>\n8.8.1. viia ellu \u00fcldkoosoleku otsuseid;<br \/>\n8.8.2. esitada \u00fcldkoosolekule aruanne EKS tegevuse kohta tema tegevusperioodil;<br \/>\n8.8.3. EKS t\u00f6\u00f6 juhtimine \u00fcldkoosolekute vahelistel perioodidel;<br \/>\n8.8.4. \u00fcldkoosoleku, erakorralise \u00fcldkoosoleku kokkukutsumine;<br \/>\n8.8.5. EKS kirjutiste ettevalmistamine avaldamiseks;<br \/>\n8.8.6. EKS esindamine riigi- ja kohaliku omavalitsuse organites ja muudes institutsioonides;<br \/>\n8.8.7. lepingute ja kokkulepete s\u00f5lmimine EKS nimel;<br \/>\n8.8.8. osav\u00f5tt arstide p\u00e4devushindamisest ja t\u00e4iend\u00f5ppe organiseerimisest;<br \/>\n8.8.9. kandidaatide esitamine autasustamiseks ja aunimetuste omistamiseks;<br \/>\n8.8.10. stipendiumide, toetuste ja preemiate m\u00e4\u00e4ramine;<br \/>\n8.8.11. t\u00f6\u00f6gruppide loomise v\u00f5i l\u00f5petamise ettepaneku tegemine \u00fcldkoosolekule;<br \/>\n8.8.12. t\u00f6\u00f6r\u00fchmade loomine;<br \/>\n8.8.13. EKSi s\u00fcmboolika kasutamise eelnev koosk\u00f5lastamine;<br \/>\n8.8.14. ajakohase huvide konfliktide v\u00e4ltimise ja eetika printsiipide j\u00e4rgimise poliitikate v\u00e4ljat\u00f6\u00f6tamise korraldamine ning elluviimine EKS-s;<br \/>\n8.8.15. muude seaduses ja p\u00f5hikirjas s\u00e4testatud \u00fclesannete t\u00e4itmine.<\/p>\n<p>9. T\u00f6\u00f6grupid ja t\u00f6\u00f6r\u00fchmad<br \/>\n9.1. T\u00f6\u00f6grupid on erialasiseste kitsamate valdkondade spetsialistide alalised organid, mille eesm\u00e4rgiks on oma valdkonna arendamine.<br \/>\n9.2. Uue t\u00f6\u00f6grupi loomisotsuse ja olemasoleva t\u00f6\u00f6grupi tegevuse l\u00f5petamise otsuse kinnitab \u00fcldkoosolek juhatuse ettepanekul.<br \/>\n9.3. T\u00f6\u00f6grupi tegevust juhib t\u00f6\u00f6grupi juht, kes valitakse t\u00f6\u00f6grupi liikmete poolt lihth\u00e4\u00e4lteenamusega v\u00e4hemalt kord nelja aasta jooksul. \u00dcks isik v\u00f5ib olla valitud samaaegselt vaid \u00fche t\u00f6\u00f6grupi juhiks.<br \/>\n9.4. T\u00f6\u00f6grupi juht korraldab grupisisese t\u00f6\u00f6korralduse, peab arvestust liikmete kohta ja esitab tegevusaruande koos j\u00e4rgneva aasta t\u00f6\u00f6plaaniga iga aasta j\u00e4rel \u00fcldkoosolekule.<br \/>\n9.5. T\u00f6\u00f6r\u00fchmad on ajutised erand- ja abistavateks juhtudeks juhatuse poolt moodustatavad ja l\u00f5petatavad organid.<\/p>\n<p>10. Juhatuse ja revidendi valimine<br \/>\n10.1. Valimistel valitakse juhatuse liikmed ja revident. Kandidaadid nimetatud ametikohtadele esitatakse kirjalikult seltsi tegevliikmete poolt juhatusele v\u00e4hemalt 30 p\u00e4eva enne valimisi.<br \/>\n10.2. Kandidaadiks v\u00f5ib \u00fcles seada EKS tegev- ja auliikmeid. \u00dcks isik saab kandideerida vaid \u00fchele ametikohale korraga, kusjuures hiljemalt 14 p\u00e4eva enne koosolekut peab ta olema kirjalikult teavitanud juhatust vastavale ametikohale kandideerimise n\u00f5usolekust. N\u00f5usoleku andmisega kinnitab kandidaat, et tal on muuhulgas piisavalt aega ja soovi osaleda valituks osalemise j\u00e4rel aktiivselt juhatuse t\u00f6\u00f6s.<br \/>\n10.3. Juhatuse liikmed ja revident valitakse kolmeks aastaks ning nad v\u00f5ivad olla valitud maksimaalselt kolmeks valimisperioodiks (kolmeks ametiajaks) j\u00e4rjest.<br \/>\n10.4. Vajadusel v\u00f5ib \u00fcldkoosolek valida presidendi ilma sekret\u00e4ri vaheastmeta.<br \/>\n10.5. H\u00e4\u00e4letusprotseduuri juhatab juhatuse sekret\u00e4r.<br \/>\n10.6. Juhatuse liikmed ja revidendi valib \u00fcldkoosolek lihth\u00e4\u00e4lteenamusega salajasel h\u00e4\u00e4letusel. Presidendi surma korral v\u00f5i juhul, kui ta ei ole v\u00f5imeline oma funktsioone j\u00e4tkama haiguse v\u00f5i muul analoogilisel p\u00f5hjusel, v\u00f5tab presidendi \u00fclesanded \u00fcle sekret\u00e4r. Kui nimetatud p\u00f5hjustel pole v\u00f5imelised oma t\u00f6\u00f6\u00fclesandeid t\u00e4itma laekur v\u00f5i sekret\u00e4r, valitakse uus kohuset\u00e4itja nende asemele juhatuse liikmete hulgast juhatuse koosolekul lihth\u00e4\u00e4lteenamusega.<\/p>\n<p>11. J\u00e4relevalve<br \/>\n11.1. \u00dcldkoosolek teostab j\u00e4relevalvet teiste organite tegevuse \u00fcle. Selle \u00fclesande t\u00e4itmiseks v\u00f5ib \u00fcldkoosolek m\u00e4\u00e4rata revisjoni v\u00f5i audiitorkontrolli.<br \/>\n11.2. Revisjoni l\u00e4biviimiseks valitakse revident k\u00e4esolevas p\u00f5hikirjas s\u00e4testatud tingimustel ja korras. Revidendiks v\u00f5i audiitoriks ei v\u00f5i olla mittetulundus\u00fchingu juhatuse liige ega raamatupidaja.<br \/>\n11.3. Juhatuse ja muu organi liikmed peavad v\u00f5imaldama revidendil v\u00f5i audiitoril tutvuda k\u00f5igi revisjoni v\u00f5i audiitorkontrolli l\u00e4biviimiseks vajalike dokumentidega ning andma vajalikku teavet.<br \/>\n11.4. Revident hindab revisjoni k\u00e4igus muuhulgas ka juhatuse poolt v\u00e4lja t\u00f6\u00f6tatud huvide konfliktide v\u00e4ltimise ja eetikaprintsiipide j\u00e4lgimise poliitikate elluviimist ning esitab oma hinnangu \u00fcldkogule koos revisjoni aruandega;<br \/>\n11.5. Revident v\u00f5i audiitorid koostavad revisjoni tulemuste kohta aruande, mille esitavad \u00fcldkoosolekule.<\/p>\n<p>12. EKS l\u00f5petamine<br \/>\n12.1. EKS l\u00f5petatakse liikmete arvu v\u00e4henemisel alla kahe v\u00f5i muudel seaduses s\u00e4testatud alustel.<br \/>\n12.2. EKS l\u00f5petamise v\u00f5ib otsustada \u00fcldkoosoleku otsusega. Otsus on vastu v\u00f5etud, kui selle poolt on h\u00e4\u00e4letanud \u00fcle 2\/3 \u00fcldkoosolekul osalenud v\u00f5i esindatud liikmetest.<br \/>\n12.3. EKS l\u00f5petamisel toimub selle likvideerimine (likvideerimismenetlus), kui seaduses ei ole s\u00e4testatud teisiti.<br \/>\n12.4. EKS likvideerijateks on juhatuse liikmed, kui \u00fcldkoosoleku otsusega ei otsustata teisiti.<br \/>\n12.5. EKS tegevuse l\u00f5petamisel antakse p\u00e4rast v\u00f5lausaldajate n\u00f5uete rahuldamist \u00fcle allesj\u00e4\u00e4nud vara tulumaksusoodustusega mittetulundus\u00fchingute, sihtasutuste ja usuliste \u00fchenduste nimekirja kantud \u00fchingule v\u00f5i muus lepinguriigis asutatud tulumaksusoodustusega \u00fchingule, mis ei ole vastusolus TuMS \u00a7 11 lg-s 2 ja 4 toodud tingimustega v\u00f5i avalik-\u00f5iguslikule juriidilisele isikule.<br \/>\n12.6. Kui likvideeritava EKS varast ei j\u00e4tku v\u00f5lausaldajate k\u00f5igi n\u00f5uete rahuldamiseks, peavad likvideerijad esitama pankrotiavalduse.<br \/>\n12.7. Kui EKS on maksej\u00f5uetu ning maksej\u00f5uetus ei ole tema majanduslikust olukorrast tulenevalt ajutine, peab juhatus viivitamata, hiljemalt 20 p\u00e4eva m\u00f6\u00f6dumisel maksej\u00f5uetuse ilmnemisest esitama kohtule EKS pankrotiavalduse. P\u00e4rast maksej\u00f5uetuse ilmnemist ei v\u00f5i juhatuse liikmed teha EKS eest makseid, v\u00e4lja arvatud maksed, mille tegemine maksej\u00f5uetuse olukorras on koosk\u00f5las juhatuse liikmelt tavaliselt oodatava hoolsusega. Juhatuse liikmed on solidaarselt kohustatud EKS-ile h\u00fcvitama p\u00e4rast maksej\u00f5uetuse ilmnemist EKS poolt tehtud maksed, mille tegemine vaadeldavas olukorras ei olnud koosk\u00f5las juhatuse liikmelt tavaliselt oodatava hoolsusega.<\/p>\n<p>P\u00f5hikirja k\u00e4esolev redaktsioon on kinnitatud EKS \u00fcldkogul 28. novembril 2014. a.<\/p>\n<p>EKS president Margus Viigimaa<\/p>\n","protected":false},"excerpt":{"rendered":"<p>MITTETULUNDUS\u00dcHINGU EESTI KARDIOLOOGIDE SELTS P\u00d5HIKIRI 1. Mittetulundus\u00fchingu nimi on Eesti Kardioloogide Selts (l\u00fchendatult ja edaspidi nimetatud &#8211; EKS), inglise keeles: Estonian Society of Cardiology. 2. EKS asukohaks on Tallinn 3. [&hellip;]<\/p>\n","protected":false},"author":312,"featured_media":0,"parent":0,"menu_order":0,"comment_status":"closed","ping_status":"closed","template":"","meta":{"_acf_changed":false,"footnotes":""},"class_list":["post-1183","page","type-page","status-publish","hentry"],"acf":[],"yoast_head":"<!-- This site is optimized with the Yoast SEO plugin v27.4 - https:\/\/yoast.com\/product\/yoast-seo-wordpress\/ -->\n<title>Statute - Eesti Kardioloogide Selts<\/title>\n<meta name=\"robots\" content=\"index, follow, max-snippet:-1, max-image-preview:large, max-video-preview:-1\" \/>\n<link rel=\"canonical\" href=\"https:\/\/eks.ee\/en\/statute\/\" \/>\n<meta property=\"og:locale\" content=\"en_US\" \/>\n<meta property=\"og:type\" content=\"article\" \/>\n<meta property=\"og:title\" content=\"Statute - Eesti Kardioloogide Selts\" \/>\n<meta property=\"og:description\" content=\"MITTETULUNDUS\u00dcHINGU EESTI KARDIOLOOGIDE SELTS P\u00d5HIKIRI 1. Mittetulundus\u00fchingu nimi on Eesti Kardioloogide Selts (l\u00fchendatult ja edaspidi nimetatud &#8211; EKS), inglise keeles: Estonian Society of Cardiology. 2. EKS asukohaks on Tallinn 3. [&hellip;]\" \/>\n<meta property=\"og:url\" content=\"https:\/\/eks.ee\/en\/statute\/\" \/>\n<meta property=\"og:site_name\" content=\"Eesti Kardioloogide Selts\" \/>\n<meta name=\"twitter:card\" content=\"summary_large_image\" \/>\n<meta name=\"twitter:label1\" content=\"Est. reading time\" \/>\n\t<meta name=\"twitter:data1\" content=\"10 minutes\" \/>\n<script type=\"application\/ld+json\" class=\"yoast-schema-graph\">{\"@context\":\"https:\\\/\\\/schema.org\",\"@graph\":[{\"@type\":\"WebPage\",\"@id\":\"https:\\\/\\\/eks.ee\\\/en\\\/statute\\\/\",\"url\":\"https:\\\/\\\/eks.ee\\\/en\\\/statute\\\/\",\"name\":\"Statute - Eesti Kardioloogide Selts\",\"isPartOf\":{\"@id\":\"https:\\\/\\\/eks.ee\\\/#website\"},\"datePublished\":\"2017-06-20T07:05:39+00:00\",\"breadcrumb\":{\"@id\":\"https:\\\/\\\/eks.ee\\\/en\\\/statute\\\/#breadcrumb\"},\"inLanguage\":\"en-US\",\"potentialAction\":[{\"@type\":\"ReadAction\",\"target\":[\"https:\\\/\\\/eks.ee\\\/en\\\/statute\\\/\"]}]},{\"@type\":\"BreadcrumbList\",\"@id\":\"https:\\\/\\\/eks.ee\\\/en\\\/statute\\\/#breadcrumb\",\"itemListElement\":[{\"@type\":\"ListItem\",\"position\":1,\"name\":\"Home\",\"item\":\"https:\\\/\\\/eks.ee\\\/en\\\/\"},{\"@type\":\"ListItem\",\"position\":2,\"name\":\"Statute\"}]},{\"@type\":\"WebSite\",\"@id\":\"https:\\\/\\\/eks.ee\\\/#website\",\"url\":\"https:\\\/\\\/eks.ee\\\/\",\"name\":\"Eesti Kardioloogide Selts\",\"description\":\"\",\"potentialAction\":[{\"@type\":\"SearchAction\",\"target\":{\"@type\":\"EntryPoint\",\"urlTemplate\":\"https:\\\/\\\/eks.ee\\\/?s={search_term_string}\"},\"query-input\":{\"@type\":\"PropertyValueSpecification\",\"valueRequired\":true,\"valueName\":\"search_term_string\"}}],\"inLanguage\":\"en-US\"}]}<\/script>\n<!-- \/ Yoast SEO plugin. -->","yoast_head_json":{"title":"Statute - Eesti Kardioloogide Selts","robots":{"index":"index","follow":"follow","max-snippet":"max-snippet:-1","max-image-preview":"max-image-preview:large","max-video-preview":"max-video-preview:-1"},"canonical":"https:\/\/eks.ee\/en\/statute\/","og_locale":"en_US","og_type":"article","og_title":"Statute - Eesti Kardioloogide Selts","og_description":"MITTETULUNDUS\u00dcHINGU EESTI KARDIOLOOGIDE SELTS P\u00d5HIKIRI 1. Mittetulundus\u00fchingu nimi on Eesti Kardioloogide Selts (l\u00fchendatult ja edaspidi nimetatud &#8211; EKS), inglise keeles: Estonian Society of Cardiology. 2. EKS asukohaks on Tallinn 3. [&hellip;]","og_url":"https:\/\/eks.ee\/en\/statute\/","og_site_name":"Eesti Kardioloogide Selts","twitter_card":"summary_large_image","twitter_misc":{"Est. reading time":"10 minutes"},"schema":{"@context":"https:\/\/schema.org","@graph":[{"@type":"WebPage","@id":"https:\/\/eks.ee\/en\/statute\/","url":"https:\/\/eks.ee\/en\/statute\/","name":"Statute - Eesti Kardioloogide Selts","isPartOf":{"@id":"https:\/\/eks.ee\/#website"},"datePublished":"2017-06-20T07:05:39+00:00","breadcrumb":{"@id":"https:\/\/eks.ee\/en\/statute\/#breadcrumb"},"inLanguage":"en-US","potentialAction":[{"@type":"ReadAction","target":["https:\/\/eks.ee\/en\/statute\/"]}]},{"@type":"BreadcrumbList","@id":"https:\/\/eks.ee\/en\/statute\/#breadcrumb","itemListElement":[{"@type":"ListItem","position":1,"name":"Home","item":"https:\/\/eks.ee\/en\/"},{"@type":"ListItem","position":2,"name":"Statute"}]},{"@type":"WebSite","@id":"https:\/\/eks.ee\/#website","url":"https:\/\/eks.ee\/","name":"Eesti Kardioloogide Selts","description":"","potentialAction":[{"@type":"SearchAction","target":{"@type":"EntryPoint","urlTemplate":"https:\/\/eks.ee\/?s={search_term_string}"},"query-input":{"@type":"PropertyValueSpecification","valueRequired":true,"valueName":"search_term_string"}}],"inLanguage":"en-US"}]}},"_links":{"self":[{"href":"https:\/\/eks.ee\/en\/wp-json\/wp\/v2\/pages\/1183","targetHints":{"allow":["GET"]}}],"collection":[{"href":"https:\/\/eks.ee\/en\/wp-json\/wp\/v2\/pages"}],"about":[{"href":"https:\/\/eks.ee\/en\/wp-json\/wp\/v2\/types\/page"}],"author":[{"embeddable":true,"href":"https:\/\/eks.ee\/en\/wp-json\/wp\/v2\/users\/312"}],"replies":[{"embeddable":true,"href":"https:\/\/eks.ee\/en\/wp-json\/wp\/v2\/comments?post=1183"}],"version-history":[{"count":1,"href":"https:\/\/eks.ee\/en\/wp-json\/wp\/v2\/pages\/1183\/revisions"}],"predecessor-version":[{"id":1184,"href":"https:\/\/eks.ee\/en\/wp-json\/wp\/v2\/pages\/1183\/revisions\/1184"}],"wp:attachment":[{"href":"https:\/\/eks.ee\/en\/wp-json\/wp\/v2\/media?parent=1183"}],"curies":[{"name":"wp","href":"https:\/\/api.w.org\/{rel}","templated":true}]}}