{"id":1175,"date":"2017-06-19T16:51:22","date_gmt":"2017-06-19T13:51:22","guid":{"rendered":"https:\/\/eks.ee\/en\/?page_id=1175"},"modified":"2019-01-29T10:07:08","modified_gmt":"2019-01-29T08:07:08","slug":"associate-members","status":"publish","type":"page","link":"https:\/\/eks.ee\/en\/associate-members\/","title":{"rendered":"Associate members"},"content":{"rendered":"<h3>Eesti Kardioloogide Seltsi toetajaliikmed on j\u00e4rgmised ravimi- ja meditsiinitehnika firmad:<\/h3>\n<ol>\n<li>AnkaMedical O\u00dc<\/li>\n<li>Amgen Switzerland AG<\/li>\n<li>AstraZeneca Eesti O\u00dc<\/li>\n<li>Bayer O\u00dc<\/li>\n<li>Berlin-Chemie Menarini Eesti O\u00dc<\/li>\n<li>Boehringer Ingelheim RCV GmbH &amp; Co KG Eesti filiaal<\/li>\n<li>Euromedical spol.s.r.o<\/li>\n<li>KRKA, d.d., Novo Mesto Eesti Filiaal<\/li>\n<li>Meditsiinigrupp AS<\/li>\n<li>Mylan Eesti<\/li>\n<li>Novartis Pharma Services Inc. Eesti Filiaal<\/li>\n<li>Pharma Nord SIA\u00a0Eesti filiaal<\/li>\n<li>PharmaSwiss Eesti O\u00dc<\/li>\n<li>Pfizer Luxembourg SARL Eesti filiaal<\/li>\n<li>UAB Pro.Med.CS Baltic<\/li>\n<li>Richter Gedeon Eesti filiaal<\/li>\n<li>Sandoz d.d. Eesti filiaal<\/li>\n<li>Sanofi-Aventis Estonia O\u00dc<\/li>\n<li>Servier Laboratories O\u00dc<\/li>\n<li>St. Jude Medical\u00a0Estonia O\u00dc<\/li>\n<li>Surgitech AS<\/li>\n<li>TEVA Estonia<\/li>\n<\/ol>\n","protected":false},"excerpt":{"rendered":"<p>Eesti Kardioloogide Seltsi toetajaliikmed on j\u00e4rgmised ravimi- ja meditsiinitehnika firmad: AnkaMedical O\u00dc Amgen Switzerland AG AstraZeneca Eesti O\u00dc Bayer O\u00dc Berlin-Chemie Menarini Eesti O\u00dc Boehringer Ingelheim RCV GmbH &amp; Co [&hellip;]<\/p>\n","protected":false},"author":312,"featured_media":0,"parent":0,"menu_order":0,"comment_status":"closed","ping_status":"closed","template":"","meta":{"_acf_changed":false,"footnotes":""},"class_list":["post-1175","page","type-page","status-publish","hentry"],"acf":[],"yoast_head":"<!-- This site is optimized with the Yoast SEO plugin v27.5 - https:\/\/yoast.com\/product\/yoast-seo-wordpress\/ -->\n<title>Associate members - Eesti Kardioloogide Selts<\/title>\n<meta name=\"robots\" content=\"index, follow, max-snippet:-1, max-image-preview:large, max-video-preview:-1\" \/>\n<link rel=\"canonical\" href=\"https:\/\/eks.ee\/en\/associate-members\/\" \/>\n<meta property=\"og:locale\" content=\"en_US\" \/>\n<meta property=\"og:type\" content=\"article\" \/>\n<meta property=\"og:title\" content=\"Associate members - Eesti Kardioloogide Selts\" \/>\n<meta property=\"og:description\" content=\"Eesti Kardioloogide Seltsi toetajaliikmed on j\u00e4rgmised ravimi- ja meditsiinitehnika firmad: AnkaMedical O\u00dc Amgen Switzerland AG AstraZeneca Eesti O\u00dc Bayer O\u00dc Berlin-Chemie Menarini Eesti O\u00dc Boehringer Ingelheim RCV GmbH &amp; Co [&hellip;]\" \/>\n<meta property=\"og:url\" content=\"https:\/\/eks.ee\/en\/associate-members\/\" \/>\n<meta property=\"og:site_name\" content=\"Eesti Kardioloogide Selts\" \/>\n<meta property=\"article:modified_time\" content=\"2019-01-29T08:07:08+00:00\" \/>\n<meta name=\"twitter:card\" content=\"summary_large_image\" \/>\n<script type=\"application\/ld+json\" class=\"yoast-schema-graph\">{\"@context\":\"https:\\\/\\\/schema.org\",\"@graph\":[{\"@type\":\"WebPage\",\"@id\":\"https:\\\/\\\/eks.ee\\\/en\\\/associate-members\\\/\",\"url\":\"https:\\\/\\\/eks.ee\\\/en\\\/associate-members\\\/\",\"name\":\"Associate members - Eesti Kardioloogide Selts\",\"isPartOf\":{\"@id\":\"https:\\\/\\\/eks.ee\\\/#website\"},\"datePublished\":\"2017-06-19T13:51:22+00:00\",\"dateModified\":\"2019-01-29T08:07:08+00:00\",\"breadcrumb\":{\"@id\":\"https:\\\/\\\/eks.ee\\\/en\\\/associate-members\\\/#breadcrumb\"},\"inLanguage\":\"en-US\",\"potentialAction\":[{\"@type\":\"ReadAction\",\"target\":[\"https:\\\/\\\/eks.ee\\\/en\\\/associate-members\\\/\"]}]},{\"@type\":\"BreadcrumbList\",\"@id\":\"https:\\\/\\\/eks.ee\\\/en\\\/associate-members\\\/#breadcrumb\",\"itemListElement\":[{\"@type\":\"ListItem\",\"position\":1,\"name\":\"Home\",\"item\":\"https:\\\/\\\/eks.ee\\\/en\\\/\"},{\"@type\":\"ListItem\",\"position\":2,\"name\":\"Associate members\"}]},{\"@type\":\"WebSite\",\"@id\":\"https:\\\/\\\/eks.ee\\\/#website\",\"url\":\"https:\\\/\\\/eks.ee\\\/\",\"name\":\"Eesti Kardioloogide Selts\",\"description\":\"\",\"potentialAction\":[{\"@type\":\"SearchAction\",\"target\":{\"@type\":\"EntryPoint\",\"urlTemplate\":\"https:\\\/\\\/eks.ee\\\/?s={search_term_string}\"},\"query-input\":{\"@type\":\"PropertyValueSpecification\",\"valueRequired\":true,\"valueName\":\"search_term_string\"}}],\"inLanguage\":\"en-US\"}]}<\/script>\n<!-- \/ Yoast SEO plugin. -->","yoast_head_json":{"title":"Associate members - Eesti Kardioloogide Selts","robots":{"index":"index","follow":"follow","max-snippet":"max-snippet:-1","max-image-preview":"max-image-preview:large","max-video-preview":"max-video-preview:-1"},"canonical":"https:\/\/eks.ee\/en\/associate-members\/","og_locale":"en_US","og_type":"article","og_title":"Associate members - Eesti Kardioloogide Selts","og_description":"Eesti Kardioloogide Seltsi toetajaliikmed on j\u00e4rgmised ravimi- ja meditsiinitehnika firmad: AnkaMedical O\u00dc Amgen Switzerland AG AstraZeneca Eesti O\u00dc Bayer O\u00dc Berlin-Chemie Menarini Eesti O\u00dc Boehringer Ingelheim RCV GmbH &amp; Co [&hellip;]","og_url":"https:\/\/eks.ee\/en\/associate-members\/","og_site_name":"Eesti Kardioloogide Selts","article_modified_time":"2019-01-29T08:07:08+00:00","twitter_card":"summary_large_image","schema":{"@context":"https:\/\/schema.org","@graph":[{"@type":"WebPage","@id":"https:\/\/eks.ee\/en\/associate-members\/","url":"https:\/\/eks.ee\/en\/associate-members\/","name":"Associate members - Eesti Kardioloogide Selts","isPartOf":{"@id":"https:\/\/eks.ee\/#website"},"datePublished":"2017-06-19T13:51:22+00:00","dateModified":"2019-01-29T08:07:08+00:00","breadcrumb":{"@id":"https:\/\/eks.ee\/en\/associate-members\/#breadcrumb"},"inLanguage":"en-US","potentialAction":[{"@type":"ReadAction","target":["https:\/\/eks.ee\/en\/associate-members\/"]}]},{"@type":"BreadcrumbList","@id":"https:\/\/eks.ee\/en\/associate-members\/#breadcrumb","itemListElement":[{"@type":"ListItem","position":1,"name":"Home","item":"https:\/\/eks.ee\/en\/"},{"@type":"ListItem","position":2,"name":"Associate members"}]},{"@type":"WebSite","@id":"https:\/\/eks.ee\/#website","url":"https:\/\/eks.ee\/","name":"Eesti Kardioloogide Selts","description":"","potentialAction":[{"@type":"SearchAction","target":{"@type":"EntryPoint","urlTemplate":"https:\/\/eks.ee\/?s={search_term_string}"},"query-input":{"@type":"PropertyValueSpecification","valueRequired":true,"valueName":"search_term_string"}}],"inLanguage":"en-US"}]}},"_links":{"self":[{"href":"https:\/\/eks.ee\/en\/wp-json\/wp\/v2\/pages\/1175","targetHints":{"allow":["GET"]}}],"collection":[{"href":"https:\/\/eks.ee\/en\/wp-json\/wp\/v2\/pages"}],"about":[{"href":"https:\/\/eks.ee\/en\/wp-json\/wp\/v2\/types\/page"}],"author":[{"embeddable":true,"href":"https:\/\/eks.ee\/en\/wp-json\/wp\/v2\/users\/312"}],"replies":[{"embeddable":true,"href":"https:\/\/eks.ee\/en\/wp-json\/wp\/v2\/comments?post=1175"}],"version-history":[{"count":2,"href":"https:\/\/eks.ee\/en\/wp-json\/wp\/v2\/pages\/1175\/revisions"}],"predecessor-version":[{"id":1180,"href":"https:\/\/eks.ee\/en\/wp-json\/wp\/v2\/pages\/1175\/revisions\/1180"}],"wp:attachment":[{"href":"https:\/\/eks.ee\/en\/wp-json\/wp\/v2\/media?parent=1175"}],"curies":[{"name":"wp","href":"https:\/\/api.w.org\/{rel}","templated":true}]}}