{"id":1171,"date":"2017-06-19T16:47:23","date_gmt":"2017-06-19T13:47:23","guid":{"rendered":"https:\/\/eks.ee\/en\/?page_id=1171"},"modified":"2017-06-19T16:47:23","modified_gmt":"2017-06-19T13:47:23","slug":"science-prize","status":"publish","type":"page","link":"https:\/\/eks.ee\/en\/for-members\/science-prize\/","title":{"rendered":"Science prize"},"content":{"rendered":"<h1>Eesti Kardioloogide Seltsi teaduspreemia<\/h1>\n<p>Teaduspreemia on asutatud eesm\u00e4rgiga toetada Eesti Kardioloogide Seltsi teadusuuringutega tegelevaid liikmeid.<\/p>\n<p>Statuut<\/p>\n<ol>\n<li>Eesti Kardioloogide Seltsi teaduspreemia moodustub seltsi toetajaliikmete poolt seltsi arvele laekunud rahalistest vahenditest.<\/li>\n<li>Teaduspreemia rahaline suurus on 1000 EUR (millest arvatakse maha KM).<\/li>\n<li>Teaduspreemia m\u00e4\u00e4ratakse \u00fcks kord aastas sama aasta jooksul rahvusvahelises eelretsenseeritavas ajakirjas publitseeritud teadust\u00f6\u00f6 eest, mille esimeseks autoriks on seltsi liige.<\/li>\n<li>Teaduspreemia diplom m\u00e4\u00e4ratakse k\u00f5igile artikli autoritele.<\/li>\n<li>Teaduspreemia raha antakse \u00fcle esimesele autorile.<\/li>\n<li>Avalduste esitamise t\u00e4htaeg teaduspreemia m\u00e4\u00e4ramiseks on 1. n\u00e4dal enne seltsi aasta viimast koosolekut (t\u00e4pne kuup\u00e4ev teatatakse liikmetele seltsi siselisti ja kodulehek\u00fcljele kaudu).<\/li>\n<li>Seltsi juhatus m\u00e4\u00e4rab teaduspreemia publikatsiooni teadusliku taseme ja teadusajakirja refereeritavuse alusel.<\/li>\n<li>Teaduspreemia laureaat kuulutatakse v\u00e4lja aasta viimasel seltsi koosolekul.<\/li>\n<\/ol>\n<p>Kinnitatud EKS juhatuse poolt 19.01.2016<\/p>\n","protected":false},"excerpt":{"rendered":"<p>Eesti Kardioloogide Seltsi teaduspreemia Teaduspreemia on asutatud eesm\u00e4rgiga toetada Eesti Kardioloogide Seltsi teadusuuringutega tegelevaid liikmeid. Statuut Eesti Kardioloogide Seltsi teaduspreemia moodustub seltsi toetajaliikmete poolt seltsi arvele laekunud rahalistest vahenditest. Teaduspreemia [&hellip;]<\/p>\n","protected":false},"author":312,"featured_media":0,"parent":1159,"menu_order":4,"comment_status":"closed","ping_status":"closed","template":"","meta":{"_acf_changed":false,"footnotes":""},"class_list":["post-1171","page","type-page","status-publish","hentry"],"acf":[],"yoast_head":"<!-- This site is optimized with the Yoast SEO plugin v27.5 - https:\/\/yoast.com\/product\/yoast-seo-wordpress\/ -->\n<title>Science prize - Eesti Kardioloogide Selts<\/title>\n<meta name=\"robots\" content=\"index, follow, max-snippet:-1, max-image-preview:large, max-video-preview:-1\" \/>\n<link rel=\"canonical\" href=\"https:\/\/eks.ee\/en\/for-members\/science-prize\/\" \/>\n<meta property=\"og:locale\" content=\"en_US\" \/>\n<meta property=\"og:type\" content=\"article\" \/>\n<meta property=\"og:title\" content=\"Science prize - Eesti Kardioloogide Selts\" \/>\n<meta property=\"og:description\" content=\"Eesti Kardioloogide Seltsi teaduspreemia Teaduspreemia on asutatud eesm\u00e4rgiga toetada Eesti Kardioloogide Seltsi teadusuuringutega tegelevaid liikmeid. Statuut Eesti Kardioloogide Seltsi teaduspreemia moodustub seltsi toetajaliikmete poolt seltsi arvele laekunud rahalistest vahenditest. Teaduspreemia [&hellip;]\" \/>\n<meta property=\"og:url\" content=\"https:\/\/eks.ee\/en\/for-members\/science-prize\/\" \/>\n<meta property=\"og:site_name\" content=\"Eesti Kardioloogide Selts\" \/>\n<meta name=\"twitter:card\" content=\"summary_large_image\" \/>\n<meta name=\"twitter:label1\" content=\"Est. reading time\" \/>\n\t<meta name=\"twitter:data1\" content=\"1 minute\" \/>\n<script type=\"application\/ld+json\" class=\"yoast-schema-graph\">{\"@context\":\"https:\\\/\\\/schema.org\",\"@graph\":[{\"@type\":\"WebPage\",\"@id\":\"https:\\\/\\\/eks.ee\\\/en\\\/for-members\\\/science-prize\\\/\",\"url\":\"https:\\\/\\\/eks.ee\\\/en\\\/for-members\\\/science-prize\\\/\",\"name\":\"Science prize - Eesti Kardioloogide Selts\",\"isPartOf\":{\"@id\":\"https:\\\/\\\/eks.ee\\\/#website\"},\"datePublished\":\"2017-06-19T13:47:23+00:00\",\"breadcrumb\":{\"@id\":\"https:\\\/\\\/eks.ee\\\/en\\\/for-members\\\/science-prize\\\/#breadcrumb\"},\"inLanguage\":\"en-US\",\"potentialAction\":[{\"@type\":\"ReadAction\",\"target\":[\"https:\\\/\\\/eks.ee\\\/en\\\/for-members\\\/science-prize\\\/\"]}]},{\"@type\":\"BreadcrumbList\",\"@id\":\"https:\\\/\\\/eks.ee\\\/en\\\/for-members\\\/science-prize\\\/#breadcrumb\",\"itemListElement\":[{\"@type\":\"ListItem\",\"position\":1,\"name\":\"Home\",\"item\":\"https:\\\/\\\/eks.ee\\\/en\\\/\"},{\"@type\":\"ListItem\",\"position\":2,\"name\":\"For members\",\"item\":\"https:\\\/\\\/eks.ee\\\/en\\\/for-members\\\/\"},{\"@type\":\"ListItem\",\"position\":3,\"name\":\"Science prize\"}]},{\"@type\":\"WebSite\",\"@id\":\"https:\\\/\\\/eks.ee\\\/#website\",\"url\":\"https:\\\/\\\/eks.ee\\\/\",\"name\":\"Eesti Kardioloogide Selts\",\"description\":\"\",\"potentialAction\":[{\"@type\":\"SearchAction\",\"target\":{\"@type\":\"EntryPoint\",\"urlTemplate\":\"https:\\\/\\\/eks.ee\\\/?s={search_term_string}\"},\"query-input\":{\"@type\":\"PropertyValueSpecification\",\"valueRequired\":true,\"valueName\":\"search_term_string\"}}],\"inLanguage\":\"en-US\"}]}<\/script>\n<!-- \/ Yoast SEO plugin. -->","yoast_head_json":{"title":"Science prize - Eesti Kardioloogide Selts","robots":{"index":"index","follow":"follow","max-snippet":"max-snippet:-1","max-image-preview":"max-image-preview:large","max-video-preview":"max-video-preview:-1"},"canonical":"https:\/\/eks.ee\/en\/for-members\/science-prize\/","og_locale":"en_US","og_type":"article","og_title":"Science prize - Eesti Kardioloogide Selts","og_description":"Eesti Kardioloogide Seltsi teaduspreemia Teaduspreemia on asutatud eesm\u00e4rgiga toetada Eesti Kardioloogide Seltsi teadusuuringutega tegelevaid liikmeid. Statuut Eesti Kardioloogide Seltsi teaduspreemia moodustub seltsi toetajaliikmete poolt seltsi arvele laekunud rahalistest vahenditest. Teaduspreemia [&hellip;]","og_url":"https:\/\/eks.ee\/en\/for-members\/science-prize\/","og_site_name":"Eesti Kardioloogide Selts","twitter_card":"summary_large_image","twitter_misc":{"Est. reading time":"1 minute"},"schema":{"@context":"https:\/\/schema.org","@graph":[{"@type":"WebPage","@id":"https:\/\/eks.ee\/en\/for-members\/science-prize\/","url":"https:\/\/eks.ee\/en\/for-members\/science-prize\/","name":"Science prize - Eesti Kardioloogide Selts","isPartOf":{"@id":"https:\/\/eks.ee\/#website"},"datePublished":"2017-06-19T13:47:23+00:00","breadcrumb":{"@id":"https:\/\/eks.ee\/en\/for-members\/science-prize\/#breadcrumb"},"inLanguage":"en-US","potentialAction":[{"@type":"ReadAction","target":["https:\/\/eks.ee\/en\/for-members\/science-prize\/"]}]},{"@type":"BreadcrumbList","@id":"https:\/\/eks.ee\/en\/for-members\/science-prize\/#breadcrumb","itemListElement":[{"@type":"ListItem","position":1,"name":"Home","item":"https:\/\/eks.ee\/en\/"},{"@type":"ListItem","position":2,"name":"For members","item":"https:\/\/eks.ee\/en\/for-members\/"},{"@type":"ListItem","position":3,"name":"Science prize"}]},{"@type":"WebSite","@id":"https:\/\/eks.ee\/#website","url":"https:\/\/eks.ee\/","name":"Eesti Kardioloogide Selts","description":"","potentialAction":[{"@type":"SearchAction","target":{"@type":"EntryPoint","urlTemplate":"https:\/\/eks.ee\/?s={search_term_string}"},"query-input":{"@type":"PropertyValueSpecification","valueRequired":true,"valueName":"search_term_string"}}],"inLanguage":"en-US"}]}},"_links":{"self":[{"href":"https:\/\/eks.ee\/en\/wp-json\/wp\/v2\/pages\/1171","targetHints":{"allow":["GET"]}}],"collection":[{"href":"https:\/\/eks.ee\/en\/wp-json\/wp\/v2\/pages"}],"about":[{"href":"https:\/\/eks.ee\/en\/wp-json\/wp\/v2\/types\/page"}],"author":[{"embeddable":true,"href":"https:\/\/eks.ee\/en\/wp-json\/wp\/v2\/users\/312"}],"replies":[{"embeddable":true,"href":"https:\/\/eks.ee\/en\/wp-json\/wp\/v2\/comments?post=1171"}],"version-history":[{"count":1,"href":"https:\/\/eks.ee\/en\/wp-json\/wp\/v2\/pages\/1171\/revisions"}],"predecessor-version":[{"id":1172,"href":"https:\/\/eks.ee\/en\/wp-json\/wp\/v2\/pages\/1171\/revisions\/1172"}],"up":[{"embeddable":true,"href":"https:\/\/eks.ee\/en\/wp-json\/wp\/v2\/pages\/1159"}],"wp:attachment":[{"href":"https:\/\/eks.ee\/en\/wp-json\/wp\/v2\/media?parent=1171"}],"curies":[{"name":"wp","href":"https:\/\/api.w.org\/{rel}","templated":true}]}}