{"id":1166,"date":"2017-06-19T16:43:19","date_gmt":"2017-06-19T13:43:19","guid":{"rendered":"https:\/\/eks.ee\/en\/?page_id=1166"},"modified":"2017-06-19T16:43:19","modified_gmt":"2017-06-19T13:43:19","slug":"scholarships","status":"publish","type":"page","link":"https:\/\/eks.ee\/en\/for-members\/scholarships\/","title":{"rendered":"Scholarships"},"content":{"rendered":"<h1>Eesti Kardioloogide Seltsi koolitusstipendium<\/h1>\n<p>Stipendium on asutatud eesm\u00e4rgiga toetada Eesti Kardioloogide Seltsi liikmeid nende erialase ettevalmistuse t\u00f5stmiseks kliinilises kardioloogias.<\/p>\n<p>Statuut<\/p>\n<ol>\n<li>Eesti Kardioloogide Seltsi koolitusstipendium moodustub seltsi toetajaliikmete poolt seltsi arvele laekunud rahalistest vahenditest.<\/li>\n<li>Stipendiumi rahaline suurus on 2000 eurot.<\/li>\n<li>Stipendium m\u00e4\u00e4ratakse \u00fcks kord aastas v\u00e4ljaspool Eestit asuvas meditsiinikeskuses toimuva t\u00e4ienduse, kliinilise uurimisprojekti, uue metoodika omandamise jms osaliseks rahastamiseks.<\/li>\n<li>Stipendium m\u00e4\u00e4ratakse reeglina \u00fchele seltsi liikmele.<\/li>\n<li>Stipendiumi taotluse juurde kuulub \u00fclevaade senisest erialasest tegevusest ja koolitustest koos v\u00e4list\u00e4ienduse eesm\u00e4rgi ja annotatsiooniga ning vastuv\u00f5tva asutuse n\u00f5usolek.<\/li>\n<li>Stipendiumi taotluse esitamise t\u00e4htaeg on 1. n\u00e4dal enne seltsi aasta viimast koosolekut (t\u00e4pne kuup\u00e4ev teatatakse liikmetele seltsi siselisti ja \u00a0kodulehek\u00fcljele kaudu).<\/li>\n<li>Laekunud taotlusi hindab seltsi juhatus. Stipendiumi m\u00e4\u00e4ramisel v\u00f5etakse aluseks seltsi liikme senine erialane ja teaduslik tegevus ning esitatud projekti olulisus kliinilise meditsiini arengule Eestis.<\/li>\n<li>Stipendiaat kuulutatakse v\u00e4lja aasta viimasel seltsi koosolekul.<\/li>\n<\/ol>\n<p>Stipendiaat on kohustatud esitama v\u00e4lisl\u00e4hetusest kirjaliku aruande juhatusele ja esinema suulise ettekandega seltsi koosolekul.<\/p>\n<p>Kinnitatud EKS juhatuse poolt 19.01.2016<\/p>\n<p><a href=\"https:\/\/eks.ee\/wp-content\/uploads\/2016\/05\/EKS-stipendiaadid.doc\">Stipendiaadid 2002-2013<\/a><\/p>\n","protected":false},"excerpt":{"rendered":"<p>Eesti Kardioloogide Seltsi koolitusstipendium Stipendium on asutatud eesm\u00e4rgiga toetada Eesti Kardioloogide Seltsi liikmeid nende erialase ettevalmistuse t\u00f5stmiseks kliinilises kardioloogias. Statuut Eesti Kardioloogide Seltsi koolitusstipendium moodustub seltsi toetajaliikmete poolt seltsi arvele [&hellip;]<\/p>\n","protected":false},"author":312,"featured_media":0,"parent":1159,"menu_order":2,"comment_status":"closed","ping_status":"closed","template":"","meta":{"_acf_changed":false,"footnotes":""},"class_list":["post-1166","page","type-page","status-publish","hentry"],"acf":[],"yoast_head":"<!-- This site is optimized with the Yoast SEO plugin v27.5 - https:\/\/yoast.com\/product\/yoast-seo-wordpress\/ -->\n<title>Scholarships - Eesti Kardioloogide Selts<\/title>\n<meta name=\"robots\" content=\"index, follow, max-snippet:-1, max-image-preview:large, max-video-preview:-1\" \/>\n<link rel=\"canonical\" href=\"https:\/\/eks.ee\/en\/for-members\/scholarships\/\" \/>\n<meta property=\"og:locale\" content=\"en_US\" \/>\n<meta property=\"og:type\" content=\"article\" \/>\n<meta property=\"og:title\" content=\"Scholarships - Eesti Kardioloogide Selts\" \/>\n<meta property=\"og:description\" content=\"Eesti Kardioloogide Seltsi koolitusstipendium Stipendium on asutatud eesm\u00e4rgiga toetada Eesti Kardioloogide Seltsi liikmeid nende erialase ettevalmistuse t\u00f5stmiseks kliinilises kardioloogias. Statuut Eesti Kardioloogide Seltsi koolitusstipendium moodustub seltsi toetajaliikmete poolt seltsi arvele [&hellip;]\" \/>\n<meta property=\"og:url\" content=\"https:\/\/eks.ee\/en\/for-members\/scholarships\/\" \/>\n<meta property=\"og:site_name\" content=\"Eesti Kardioloogide Selts\" \/>\n<meta name=\"twitter:card\" content=\"summary_large_image\" \/>\n<meta name=\"twitter:label1\" content=\"Est. reading time\" \/>\n\t<meta name=\"twitter:data1\" content=\"1 minute\" \/>\n<script type=\"application\/ld+json\" class=\"yoast-schema-graph\">{\"@context\":\"https:\\\/\\\/schema.org\",\"@graph\":[{\"@type\":\"WebPage\",\"@id\":\"https:\\\/\\\/eks.ee\\\/en\\\/for-members\\\/scholarships\\\/\",\"url\":\"https:\\\/\\\/eks.ee\\\/en\\\/for-members\\\/scholarships\\\/\",\"name\":\"Scholarships - Eesti Kardioloogide Selts\",\"isPartOf\":{\"@id\":\"https:\\\/\\\/eks.ee\\\/#website\"},\"datePublished\":\"2017-06-19T13:43:19+00:00\",\"breadcrumb\":{\"@id\":\"https:\\\/\\\/eks.ee\\\/en\\\/for-members\\\/scholarships\\\/#breadcrumb\"},\"inLanguage\":\"en-US\",\"potentialAction\":[{\"@type\":\"ReadAction\",\"target\":[\"https:\\\/\\\/eks.ee\\\/en\\\/for-members\\\/scholarships\\\/\"]}]},{\"@type\":\"BreadcrumbList\",\"@id\":\"https:\\\/\\\/eks.ee\\\/en\\\/for-members\\\/scholarships\\\/#breadcrumb\",\"itemListElement\":[{\"@type\":\"ListItem\",\"position\":1,\"name\":\"Home\",\"item\":\"https:\\\/\\\/eks.ee\\\/en\\\/\"},{\"@type\":\"ListItem\",\"position\":2,\"name\":\"For members\",\"item\":\"https:\\\/\\\/eks.ee\\\/en\\\/for-members\\\/\"},{\"@type\":\"ListItem\",\"position\":3,\"name\":\"Scholarships\"}]},{\"@type\":\"WebSite\",\"@id\":\"https:\\\/\\\/eks.ee\\\/#website\",\"url\":\"https:\\\/\\\/eks.ee\\\/\",\"name\":\"Eesti Kardioloogide Selts\",\"description\":\"\",\"potentialAction\":[{\"@type\":\"SearchAction\",\"target\":{\"@type\":\"EntryPoint\",\"urlTemplate\":\"https:\\\/\\\/eks.ee\\\/?s={search_term_string}\"},\"query-input\":{\"@type\":\"PropertyValueSpecification\",\"valueRequired\":true,\"valueName\":\"search_term_string\"}}],\"inLanguage\":\"en-US\"}]}<\/script>\n<!-- \/ Yoast SEO plugin. -->","yoast_head_json":{"title":"Scholarships - Eesti Kardioloogide Selts","robots":{"index":"index","follow":"follow","max-snippet":"max-snippet:-1","max-image-preview":"max-image-preview:large","max-video-preview":"max-video-preview:-1"},"canonical":"https:\/\/eks.ee\/en\/for-members\/scholarships\/","og_locale":"en_US","og_type":"article","og_title":"Scholarships - Eesti Kardioloogide Selts","og_description":"Eesti Kardioloogide Seltsi koolitusstipendium Stipendium on asutatud eesm\u00e4rgiga toetada Eesti Kardioloogide Seltsi liikmeid nende erialase ettevalmistuse t\u00f5stmiseks kliinilises kardioloogias. Statuut Eesti Kardioloogide Seltsi koolitusstipendium moodustub seltsi toetajaliikmete poolt seltsi arvele [&hellip;]","og_url":"https:\/\/eks.ee\/en\/for-members\/scholarships\/","og_site_name":"Eesti Kardioloogide Selts","twitter_card":"summary_large_image","twitter_misc":{"Est. reading time":"1 minute"},"schema":{"@context":"https:\/\/schema.org","@graph":[{"@type":"WebPage","@id":"https:\/\/eks.ee\/en\/for-members\/scholarships\/","url":"https:\/\/eks.ee\/en\/for-members\/scholarships\/","name":"Scholarships - Eesti Kardioloogide Selts","isPartOf":{"@id":"https:\/\/eks.ee\/#website"},"datePublished":"2017-06-19T13:43:19+00:00","breadcrumb":{"@id":"https:\/\/eks.ee\/en\/for-members\/scholarships\/#breadcrumb"},"inLanguage":"en-US","potentialAction":[{"@type":"ReadAction","target":["https:\/\/eks.ee\/en\/for-members\/scholarships\/"]}]},{"@type":"BreadcrumbList","@id":"https:\/\/eks.ee\/en\/for-members\/scholarships\/#breadcrumb","itemListElement":[{"@type":"ListItem","position":1,"name":"Home","item":"https:\/\/eks.ee\/en\/"},{"@type":"ListItem","position":2,"name":"For members","item":"https:\/\/eks.ee\/en\/for-members\/"},{"@type":"ListItem","position":3,"name":"Scholarships"}]},{"@type":"WebSite","@id":"https:\/\/eks.ee\/#website","url":"https:\/\/eks.ee\/","name":"Eesti Kardioloogide Selts","description":"","potentialAction":[{"@type":"SearchAction","target":{"@type":"EntryPoint","urlTemplate":"https:\/\/eks.ee\/?s={search_term_string}"},"query-input":{"@type":"PropertyValueSpecification","valueRequired":true,"valueName":"search_term_string"}}],"inLanguage":"en-US"}]}},"_links":{"self":[{"href":"https:\/\/eks.ee\/en\/wp-json\/wp\/v2\/pages\/1166","targetHints":{"allow":["GET"]}}],"collection":[{"href":"https:\/\/eks.ee\/en\/wp-json\/wp\/v2\/pages"}],"about":[{"href":"https:\/\/eks.ee\/en\/wp-json\/wp\/v2\/types\/page"}],"author":[{"embeddable":true,"href":"https:\/\/eks.ee\/en\/wp-json\/wp\/v2\/users\/312"}],"replies":[{"embeddable":true,"href":"https:\/\/eks.ee\/en\/wp-json\/wp\/v2\/comments?post=1166"}],"version-history":[{"count":1,"href":"https:\/\/eks.ee\/en\/wp-json\/wp\/v2\/pages\/1166\/revisions"}],"predecessor-version":[{"id":1167,"href":"https:\/\/eks.ee\/en\/wp-json\/wp\/v2\/pages\/1166\/revisions\/1167"}],"up":[{"embeddable":true,"href":"https:\/\/eks.ee\/en\/wp-json\/wp\/v2\/pages\/1159"}],"wp:attachment":[{"href":"https:\/\/eks.ee\/en\/wp-json\/wp\/v2\/media?parent=1166"}],"curies":[{"name":"wp","href":"https:\/\/api.w.org\/{rel}","templated":true}]}}