{"id":1153,"date":"2017-06-19T16:25:25","date_gmt":"2017-06-19T13:25:25","guid":{"rendered":"https:\/\/eks.ee\/en\/?page_id=1153"},"modified":"2017-06-19T16:25:25","modified_gmt":"2017-06-19T13:25:25","slug":"treatment-guidelines","status":"publish","type":"page","link":"https:\/\/eks.ee\/en\/info\/treatment-guidelines\/","title":{"rendered":"Treatment guidelines"},"content":{"rendered":"<ul>\n<li><a href=\"https:\/\/eks.ee\/wp-content\/uploads\/2016\/05\/2011-EKS-soovitused-STEMI-haigete-hospitaliseerimiseks-140511.pdf\" target=\"_blank\">STEMI raviks soovitavate\u00a0haiglate nimekiri\u00a02011-2013<\/a><\/li>\n<li><a href=\"https:\/\/eks.ee\/wp-content\/uploads\/2016\/05\/EKS-juhatuse-koosoleku-protokoll-nr-10-221210-otsus-lisa-1.pdf\" target=\"_blank\">STEMI raviks soovitavate I valiku haiglate p\u00e4devushindamisel kohaldatavad kriteeriumid<\/a><\/li>\n<li><a href=\"https:\/\/eks.ee\/wp-content\/uploads\/2016\/05\/EKS-juhatuse-koosoleku-protokoll-nr-10-221210-otsus-lisa-2.pdf\" target=\"_blank\">Kardiointensiivravi osakonna ja kardioloogiaosakonna intensiivravi palati n\u00f5uded<\/a><\/li>\n<li><a href=\"https:\/\/eks.ee\/wp-content\/uploads\/2016\/05\/EKS-juhatuse-koosoleku-protokoll-nr-10-221210-otsus-lisa-3.pdf\" target=\"_blank\">STEMI raviks soovitavate II valiku haiglate p\u00e4devushindamisel kohaldatavad kriteeriumid<\/a><\/li>\n<li><a href=\"https:\/\/eks.ee\/wp-content\/uploads\/2016\/05\/EKS-ELM\u00dc-\u00c4MI-dgn-konsensus-l\u00f5plik-290410.pdf\" target=\"_blank\">M\u00fcokardiinfarkti dignoosimise kriteeriumid 2010<\/a><\/li>\n<li><a href=\"https:\/\/eks.ee\/wp-content\/uploads\/2016\/05\/Ehhokardiograafilise_uuringu_protokolli_vormistamise_juhised.doc\">Ehhokardiograafilise uuringu protokolli vormistamise juhised 2008<\/a><\/li>\n<li><a href=\"https:\/\/eks.ee\/wp-content\/uploads\/2016\/05\/Kroon_SP_ravijuhend_EHK_24_10_07.pdf\" target=\"_blank\">Kroonilise s\u00fcdamepuudulikkuse diagnoosimise ja ravi juhised 2007<\/a><\/li>\n<li><a href=\"https:\/\/eks.ee\/wp-content\/uploads\/2016\/05\/geda_SP_ravijuhend_EHK_24_20_07_.pdf\" target=\"_blank\">\u00c4geda s\u00fcdamepuudulikkuse diagnoosimise ja ravi juhised 2007<\/a><\/li>\n<li><a href=\"https:\/\/eks.ee\/wp-content\/uploads\/2016\/05\/Hupertensioonijuhised_2004.pdf\" target=\"_blank\">Arteriaalse h\u00fcpertensiooni diagnoosimise ja ravi uued juhised 2004<\/a><\/li>\n<li><a href=\"https:\/\/eks.ee\/wp-content\/uploads\/2016\/05\/EESTI_LIPIIDIJUHISED_II_250201.doc\">Eesti Lipiidijuhised 2001<\/a><\/li>\n<\/ul>\n<p>K\u00f5ik Euroopa Kardioloogide Seltsi (European Society of Cardiology) poolt avaldatud ja Eesti Kardioloogide Seltsi poolt heakskiidetud ravijuhised on leitavad aadressilt <a href=\"http:\/\/www.escardio.org\/\" target=\"_blank\">www.escardio.org<\/a>.<\/p>\n","protected":false},"excerpt":{"rendered":"<p>STEMI raviks soovitavate\u00a0haiglate nimekiri\u00a02011-2013 STEMI raviks soovitavate I valiku haiglate p\u00e4devushindamisel kohaldatavad kriteeriumid Kardiointensiivravi osakonna ja kardioloogiaosakonna intensiivravi palati n\u00f5uded STEMI raviks soovitavate II valiku haiglate p\u00e4devushindamisel kohaldatavad kriteeriumid M\u00fcokardiinfarkti [&hellip;]<\/p>\n","protected":false},"author":312,"featured_media":0,"parent":1147,"menu_order":0,"comment_status":"closed","ping_status":"closed","template":"","meta":{"_acf_changed":false,"footnotes":""},"class_list":["post-1153","page","type-page","status-publish","hentry"],"acf":[],"yoast_head":"<!-- This site is optimized with the Yoast SEO plugin v27.4 - https:\/\/yoast.com\/product\/yoast-seo-wordpress\/ -->\n<title>Treatment guidelines - Eesti Kardioloogide Selts<\/title>\n<meta name=\"robots\" content=\"index, follow, max-snippet:-1, max-image-preview:large, max-video-preview:-1\" \/>\n<link rel=\"canonical\" href=\"https:\/\/eks.ee\/en\/info\/treatment-guidelines\/\" \/>\n<meta property=\"og:locale\" content=\"en_US\" \/>\n<meta property=\"og:type\" content=\"article\" \/>\n<meta property=\"og:title\" content=\"Treatment guidelines - Eesti Kardioloogide Selts\" \/>\n<meta property=\"og:description\" content=\"STEMI raviks soovitavate\u00a0haiglate nimekiri\u00a02011-2013 STEMI raviks soovitavate I valiku haiglate p\u00e4devushindamisel kohaldatavad kriteeriumid Kardiointensiivravi osakonna ja kardioloogiaosakonna intensiivravi palati n\u00f5uded STEMI raviks soovitavate II valiku haiglate p\u00e4devushindamisel kohaldatavad kriteeriumid M\u00fcokardiinfarkti [&hellip;]\" \/>\n<meta property=\"og:url\" content=\"https:\/\/eks.ee\/en\/info\/treatment-guidelines\/\" \/>\n<meta property=\"og:site_name\" content=\"Eesti Kardioloogide Selts\" \/>\n<meta name=\"twitter:card\" content=\"summary_large_image\" \/>\n<script type=\"application\/ld+json\" class=\"yoast-schema-graph\">{\"@context\":\"https:\\\/\\\/schema.org\",\"@graph\":[{\"@type\":\"WebPage\",\"@id\":\"https:\\\/\\\/eks.ee\\\/en\\\/info\\\/treatment-guidelines\\\/\",\"url\":\"https:\\\/\\\/eks.ee\\\/en\\\/info\\\/treatment-guidelines\\\/\",\"name\":\"Treatment guidelines - Eesti Kardioloogide Selts\",\"isPartOf\":{\"@id\":\"https:\\\/\\\/eks.ee\\\/#website\"},\"datePublished\":\"2017-06-19T13:25:25+00:00\",\"breadcrumb\":{\"@id\":\"https:\\\/\\\/eks.ee\\\/en\\\/info\\\/treatment-guidelines\\\/#breadcrumb\"},\"inLanguage\":\"en-US\",\"potentialAction\":[{\"@type\":\"ReadAction\",\"target\":[\"https:\\\/\\\/eks.ee\\\/en\\\/info\\\/treatment-guidelines\\\/\"]}]},{\"@type\":\"BreadcrumbList\",\"@id\":\"https:\\\/\\\/eks.ee\\\/en\\\/info\\\/treatment-guidelines\\\/#breadcrumb\",\"itemListElement\":[{\"@type\":\"ListItem\",\"position\":1,\"name\":\"Home\",\"item\":\"https:\\\/\\\/eks.ee\\\/en\\\/\"},{\"@type\":\"ListItem\",\"position\":2,\"name\":\"Info\",\"item\":\"https:\\\/\\\/eks.ee\\\/en\\\/info\\\/\"},{\"@type\":\"ListItem\",\"position\":3,\"name\":\"Treatment guidelines\"}]},{\"@type\":\"WebSite\",\"@id\":\"https:\\\/\\\/eks.ee\\\/#website\",\"url\":\"https:\\\/\\\/eks.ee\\\/\",\"name\":\"Eesti Kardioloogide Selts\",\"description\":\"\",\"potentialAction\":[{\"@type\":\"SearchAction\",\"target\":{\"@type\":\"EntryPoint\",\"urlTemplate\":\"https:\\\/\\\/eks.ee\\\/?s={search_term_string}\"},\"query-input\":{\"@type\":\"PropertyValueSpecification\",\"valueRequired\":true,\"valueName\":\"search_term_string\"}}],\"inLanguage\":\"en-US\"}]}<\/script>\n<!-- \/ Yoast SEO plugin. -->","yoast_head_json":{"title":"Treatment guidelines - Eesti Kardioloogide Selts","robots":{"index":"index","follow":"follow","max-snippet":"max-snippet:-1","max-image-preview":"max-image-preview:large","max-video-preview":"max-video-preview:-1"},"canonical":"https:\/\/eks.ee\/en\/info\/treatment-guidelines\/","og_locale":"en_US","og_type":"article","og_title":"Treatment guidelines - Eesti Kardioloogide Selts","og_description":"STEMI raviks soovitavate\u00a0haiglate nimekiri\u00a02011-2013 STEMI raviks soovitavate I valiku haiglate p\u00e4devushindamisel kohaldatavad kriteeriumid Kardiointensiivravi osakonna ja kardioloogiaosakonna intensiivravi palati n\u00f5uded STEMI raviks soovitavate II valiku haiglate p\u00e4devushindamisel kohaldatavad kriteeriumid M\u00fcokardiinfarkti [&hellip;]","og_url":"https:\/\/eks.ee\/en\/info\/treatment-guidelines\/","og_site_name":"Eesti Kardioloogide Selts","twitter_card":"summary_large_image","schema":{"@context":"https:\/\/schema.org","@graph":[{"@type":"WebPage","@id":"https:\/\/eks.ee\/en\/info\/treatment-guidelines\/","url":"https:\/\/eks.ee\/en\/info\/treatment-guidelines\/","name":"Treatment guidelines - Eesti Kardioloogide Selts","isPartOf":{"@id":"https:\/\/eks.ee\/#website"},"datePublished":"2017-06-19T13:25:25+00:00","breadcrumb":{"@id":"https:\/\/eks.ee\/en\/info\/treatment-guidelines\/#breadcrumb"},"inLanguage":"en-US","potentialAction":[{"@type":"ReadAction","target":["https:\/\/eks.ee\/en\/info\/treatment-guidelines\/"]}]},{"@type":"BreadcrumbList","@id":"https:\/\/eks.ee\/en\/info\/treatment-guidelines\/#breadcrumb","itemListElement":[{"@type":"ListItem","position":1,"name":"Home","item":"https:\/\/eks.ee\/en\/"},{"@type":"ListItem","position":2,"name":"Info","item":"https:\/\/eks.ee\/en\/info\/"},{"@type":"ListItem","position":3,"name":"Treatment guidelines"}]},{"@type":"WebSite","@id":"https:\/\/eks.ee\/#website","url":"https:\/\/eks.ee\/","name":"Eesti Kardioloogide Selts","description":"","potentialAction":[{"@type":"SearchAction","target":{"@type":"EntryPoint","urlTemplate":"https:\/\/eks.ee\/?s={search_term_string}"},"query-input":{"@type":"PropertyValueSpecification","valueRequired":true,"valueName":"search_term_string"}}],"inLanguage":"en-US"}]}},"_links":{"self":[{"href":"https:\/\/eks.ee\/en\/wp-json\/wp\/v2\/pages\/1153","targetHints":{"allow":["GET"]}}],"collection":[{"href":"https:\/\/eks.ee\/en\/wp-json\/wp\/v2\/pages"}],"about":[{"href":"https:\/\/eks.ee\/en\/wp-json\/wp\/v2\/types\/page"}],"author":[{"embeddable":true,"href":"https:\/\/eks.ee\/en\/wp-json\/wp\/v2\/users\/312"}],"replies":[{"embeddable":true,"href":"https:\/\/eks.ee\/en\/wp-json\/wp\/v2\/comments?post=1153"}],"version-history":[{"count":1,"href":"https:\/\/eks.ee\/en\/wp-json\/wp\/v2\/pages\/1153\/revisions"}],"predecessor-version":[{"id":1154,"href":"https:\/\/eks.ee\/en\/wp-json\/wp\/v2\/pages\/1153\/revisions\/1154"}],"up":[{"embeddable":true,"href":"https:\/\/eks.ee\/en\/wp-json\/wp\/v2\/pages\/1147"}],"wp:attachment":[{"href":"https:\/\/eks.ee\/en\/wp-json\/wp\/v2\/media?parent=1153"}],"curies":[{"name":"wp","href":"https:\/\/api.w.org\/{rel}","templated":true}]}}