{"id":1151,"date":"2017-06-19T16:23:05","date_gmt":"2017-06-19T13:23:05","guid":{"rendered":"https:\/\/eks.ee\/en\/?page_id=1151"},"modified":"2017-06-19T16:23:05","modified_gmt":"2017-06-19T13:23:05","slug":"useful-links","status":"publish","type":"page","link":"https:\/\/eks.ee\/en\/info\/useful-links\/","title":{"rendered":"Useful links"},"content":{"rendered":"<ul>\n<li><a href=\"http:\/\/www.heartscore.org\/ee\/Pages\/welcome.aspx\" target=\"_blank\"><img loading=\"lazy\" decoding=\"async\" class=\"aligncenter wp-image-421 size-full\" src=\"https:\/\/eks.ee\/wp-content\/uploads\/2016\/05\/Estonia-HeartScore.jpg\" alt=\"Estonia-HeartScore\" width=\"471\" height=\"75\" srcset=\"https:\/\/eks.ee\/wp-content\/uploads\/2016\/05\/Estonia-HeartScore.jpg 471w, https:\/\/eks.ee\/wp-content\/uploads\/2016\/05\/Estonia-HeartScore-300x48.jpg 300w\" sizes=\"auto, (max-width: 471px) 100vw, 471px\" \/><\/a><\/li>\n<li><a href=\"http:\/\/www.ut.ee\/\" target=\"_blank\">Tartu \u00dclikool<\/a><\/li>\n<li><a href=\"http:\/\/www.kliinikum.ee\/\" target=\"_blank\">SA Tartu \u00dclikooli Kliinikum<\/a><\/li>\n<li><a href=\"http:\/\/www.kliinikum.ee\/sydamekliinik\/\" target=\"_blank\">SA T\u00dcK S\u00fcdamekliinik<\/a><\/li>\n<li><a href=\"http:\/\/www.med.ut.ee\/\" target=\"_blank\">T\u00dc Arstiteaduskond<\/a><\/li>\n<li><a href=\"http:\/\/www.escardio.org\/\" target=\"_blank\">Euroopa Kardioloogide Selts<\/a><\/li>\n<li><a href=\"http:\/\/www.regionaalhaigla.ee\/\" target=\"_blank\">SA P\u00f5hja-Eesti Regionaalhaigla<\/a><\/li>\n<li><a href=\"http:\/\/www.ehy.ee\/\" target=\"_blank\">Eesti H\u00fcpertensiooni \u00dching<\/a><\/li>\n<li><a href=\"http:\/\/www.cirp.org\/library\/ethics\/nuremberg\/\" target=\"_blank\">The Nuremberg Code<\/a><\/li>\n<li><a href=\"http:\/\/www.escardio.org\/communities\/EACPR\/prevention-in-your-country\/Pages\/country-of-the-month-estonia.aspx\" target=\"_blank\">Euroopa Kardioloogide Seltsi Preventsiooni ja rehabilitatsiooni assotsiatsiooni kuu riigi (Country of the Month) projekt<\/a><\/li>\n<\/ul>\n<p>&nbsp;<\/p>\n<p>&nbsp;<\/p>\n","protected":false},"excerpt":{"rendered":"<p>Tartu \u00dclikool SA Tartu \u00dclikooli Kliinikum SA T\u00dcK S\u00fcdamekliinik T\u00dc Arstiteaduskond Euroopa Kardioloogide Selts SA P\u00f5hja-Eesti Regionaalhaigla Eesti H\u00fcpertensiooni \u00dching The Nuremberg Code Euroopa Kardioloogide Seltsi Preventsiooni ja rehabilitatsiooni assotsiatsiooni [&hellip;]<\/p>\n","protected":false},"author":312,"featured_media":0,"parent":1147,"menu_order":0,"comment_status":"closed","ping_status":"closed","template":"","meta":{"_acf_changed":false,"footnotes":""},"class_list":["post-1151","page","type-page","status-publish","hentry"],"acf":[],"yoast_head":"<!-- This site is optimized with the Yoast SEO plugin v27.4 - https:\/\/yoast.com\/product\/yoast-seo-wordpress\/ -->\n<title>Useful links - Eesti Kardioloogide Selts<\/title>\n<meta name=\"robots\" content=\"index, follow, max-snippet:-1, max-image-preview:large, max-video-preview:-1\" \/>\n<link rel=\"canonical\" href=\"https:\/\/eks.ee\/en\/info\/useful-links\/\" \/>\n<meta property=\"og:locale\" content=\"en_US\" \/>\n<meta property=\"og:type\" content=\"article\" \/>\n<meta property=\"og:title\" content=\"Useful links - Eesti Kardioloogide Selts\" \/>\n<meta property=\"og:description\" content=\"Tartu \u00dclikool SA Tartu \u00dclikooli Kliinikum SA T\u00dcK S\u00fcdamekliinik T\u00dc Arstiteaduskond Euroopa Kardioloogide Selts SA P\u00f5hja-Eesti Regionaalhaigla Eesti H\u00fcpertensiooni \u00dching The Nuremberg Code Euroopa Kardioloogide Seltsi Preventsiooni ja rehabilitatsiooni assotsiatsiooni [&hellip;]\" \/>\n<meta property=\"og:url\" content=\"https:\/\/eks.ee\/en\/info\/useful-links\/\" \/>\n<meta property=\"og:site_name\" content=\"Eesti Kardioloogide Selts\" \/>\n<meta property=\"og:image\" content=\"https:\/\/eks.ee\/wp-content\/uploads\/2016\/05\/Estonia-HeartScore.jpg\" \/>\n<meta name=\"twitter:card\" content=\"summary_large_image\" \/>\n<script type=\"application\/ld+json\" class=\"yoast-schema-graph\">{\"@context\":\"https:\\\/\\\/schema.org\",\"@graph\":[{\"@type\":\"WebPage\",\"@id\":\"https:\\\/\\\/eks.ee\\\/en\\\/info\\\/useful-links\\\/\",\"url\":\"https:\\\/\\\/eks.ee\\\/en\\\/info\\\/useful-links\\\/\",\"name\":\"Useful links - Eesti Kardioloogide Selts\",\"isPartOf\":{\"@id\":\"https:\\\/\\\/eks.ee\\\/#website\"},\"primaryImageOfPage\":{\"@id\":\"https:\\\/\\\/eks.ee\\\/en\\\/info\\\/useful-links\\\/#primaryimage\"},\"image\":{\"@id\":\"https:\\\/\\\/eks.ee\\\/en\\\/info\\\/useful-links\\\/#primaryimage\"},\"thumbnailUrl\":\"https:\\\/\\\/eks.ee\\\/wp-content\\\/uploads\\\/2016\\\/05\\\/Estonia-HeartScore.jpg\",\"datePublished\":\"2017-06-19T13:23:05+00:00\",\"breadcrumb\":{\"@id\":\"https:\\\/\\\/eks.ee\\\/en\\\/info\\\/useful-links\\\/#breadcrumb\"},\"inLanguage\":\"en-US\",\"potentialAction\":[{\"@type\":\"ReadAction\",\"target\":[\"https:\\\/\\\/eks.ee\\\/en\\\/info\\\/useful-links\\\/\"]}]},{\"@type\":\"ImageObject\",\"inLanguage\":\"en-US\",\"@id\":\"https:\\\/\\\/eks.ee\\\/en\\\/info\\\/useful-links\\\/#primaryimage\",\"url\":\"https:\\\/\\\/eks.ee\\\/wp-content\\\/uploads\\\/2016\\\/05\\\/Estonia-HeartScore.jpg\",\"contentUrl\":\"https:\\\/\\\/eks.ee\\\/wp-content\\\/uploads\\\/2016\\\/05\\\/Estonia-HeartScore.jpg\"},{\"@type\":\"BreadcrumbList\",\"@id\":\"https:\\\/\\\/eks.ee\\\/en\\\/info\\\/useful-links\\\/#breadcrumb\",\"itemListElement\":[{\"@type\":\"ListItem\",\"position\":1,\"name\":\"Home\",\"item\":\"https:\\\/\\\/eks.ee\\\/en\\\/\"},{\"@type\":\"ListItem\",\"position\":2,\"name\":\"Info\",\"item\":\"https:\\\/\\\/eks.ee\\\/en\\\/info\\\/\"},{\"@type\":\"ListItem\",\"position\":3,\"name\":\"Useful links\"}]},{\"@type\":\"WebSite\",\"@id\":\"https:\\\/\\\/eks.ee\\\/#website\",\"url\":\"https:\\\/\\\/eks.ee\\\/\",\"name\":\"Eesti Kardioloogide Selts\",\"description\":\"\",\"potentialAction\":[{\"@type\":\"SearchAction\",\"target\":{\"@type\":\"EntryPoint\",\"urlTemplate\":\"https:\\\/\\\/eks.ee\\\/?s={search_term_string}\"},\"query-input\":{\"@type\":\"PropertyValueSpecification\",\"valueRequired\":true,\"valueName\":\"search_term_string\"}}],\"inLanguage\":\"en-US\"}]}<\/script>\n<!-- \/ Yoast SEO plugin. -->","yoast_head_json":{"title":"Useful links - Eesti Kardioloogide Selts","robots":{"index":"index","follow":"follow","max-snippet":"max-snippet:-1","max-image-preview":"max-image-preview:large","max-video-preview":"max-video-preview:-1"},"canonical":"https:\/\/eks.ee\/en\/info\/useful-links\/","og_locale":"en_US","og_type":"article","og_title":"Useful links - Eesti Kardioloogide Selts","og_description":"Tartu \u00dclikool SA Tartu \u00dclikooli Kliinikum SA T\u00dcK S\u00fcdamekliinik T\u00dc Arstiteaduskond Euroopa Kardioloogide Selts SA P\u00f5hja-Eesti Regionaalhaigla Eesti H\u00fcpertensiooni \u00dching The Nuremberg Code Euroopa Kardioloogide Seltsi Preventsiooni ja rehabilitatsiooni assotsiatsiooni [&hellip;]","og_url":"https:\/\/eks.ee\/en\/info\/useful-links\/","og_site_name":"Eesti Kardioloogide Selts","og_image":[{"url":"https:\/\/eks.ee\/wp-content\/uploads\/2016\/05\/Estonia-HeartScore.jpg","type":"","width":"","height":""}],"twitter_card":"summary_large_image","schema":{"@context":"https:\/\/schema.org","@graph":[{"@type":"WebPage","@id":"https:\/\/eks.ee\/en\/info\/useful-links\/","url":"https:\/\/eks.ee\/en\/info\/useful-links\/","name":"Useful links - Eesti Kardioloogide Selts","isPartOf":{"@id":"https:\/\/eks.ee\/#website"},"primaryImageOfPage":{"@id":"https:\/\/eks.ee\/en\/info\/useful-links\/#primaryimage"},"image":{"@id":"https:\/\/eks.ee\/en\/info\/useful-links\/#primaryimage"},"thumbnailUrl":"https:\/\/eks.ee\/wp-content\/uploads\/2016\/05\/Estonia-HeartScore.jpg","datePublished":"2017-06-19T13:23:05+00:00","breadcrumb":{"@id":"https:\/\/eks.ee\/en\/info\/useful-links\/#breadcrumb"},"inLanguage":"en-US","potentialAction":[{"@type":"ReadAction","target":["https:\/\/eks.ee\/en\/info\/useful-links\/"]}]},{"@type":"ImageObject","inLanguage":"en-US","@id":"https:\/\/eks.ee\/en\/info\/useful-links\/#primaryimage","url":"https:\/\/eks.ee\/wp-content\/uploads\/2016\/05\/Estonia-HeartScore.jpg","contentUrl":"https:\/\/eks.ee\/wp-content\/uploads\/2016\/05\/Estonia-HeartScore.jpg"},{"@type":"BreadcrumbList","@id":"https:\/\/eks.ee\/en\/info\/useful-links\/#breadcrumb","itemListElement":[{"@type":"ListItem","position":1,"name":"Home","item":"https:\/\/eks.ee\/en\/"},{"@type":"ListItem","position":2,"name":"Info","item":"https:\/\/eks.ee\/en\/info\/"},{"@type":"ListItem","position":3,"name":"Useful links"}]},{"@type":"WebSite","@id":"https:\/\/eks.ee\/#website","url":"https:\/\/eks.ee\/","name":"Eesti Kardioloogide Selts","description":"","potentialAction":[{"@type":"SearchAction","target":{"@type":"EntryPoint","urlTemplate":"https:\/\/eks.ee\/?s={search_term_string}"},"query-input":{"@type":"PropertyValueSpecification","valueRequired":true,"valueName":"search_term_string"}}],"inLanguage":"en-US"}]}},"_links":{"self":[{"href":"https:\/\/eks.ee\/en\/wp-json\/wp\/v2\/pages\/1151","targetHints":{"allow":["GET"]}}],"collection":[{"href":"https:\/\/eks.ee\/en\/wp-json\/wp\/v2\/pages"}],"about":[{"href":"https:\/\/eks.ee\/en\/wp-json\/wp\/v2\/types\/page"}],"author":[{"embeddable":true,"href":"https:\/\/eks.ee\/en\/wp-json\/wp\/v2\/users\/312"}],"replies":[{"embeddable":true,"href":"https:\/\/eks.ee\/en\/wp-json\/wp\/v2\/comments?post=1151"}],"version-history":[{"count":1,"href":"https:\/\/eks.ee\/en\/wp-json\/wp\/v2\/pages\/1151\/revisions"}],"predecessor-version":[{"id":1152,"href":"https:\/\/eks.ee\/en\/wp-json\/wp\/v2\/pages\/1151\/revisions\/1152"}],"up":[{"embeddable":true,"href":"https:\/\/eks.ee\/en\/wp-json\/wp\/v2\/pages\/1147"}],"wp:attachment":[{"href":"https:\/\/eks.ee\/en\/wp-json\/wp\/v2\/media?parent=1151"}],"curies":[{"name":"wp","href":"https:\/\/api.w.org\/{rel}","templated":true}]}}