{"id":1137,"date":"2017-06-19T15:40:27","date_gmt":"2017-06-19T12:40:27","guid":{"rendered":"https:\/\/eks.ee\/en\/?page_id=1137"},"modified":"2017-06-19T15:40:27","modified_gmt":"2017-06-19T12:40:27","slug":"lectures","status":"publish","type":"page","link":"https:\/\/eks.ee\/en\/epidemiology-prevention-workgroup\/lectures\/","title":{"rendered":"Lectures"},"content":{"rendered":"<p>11.02.2010 Tartu Atlantise Konverentsikeskuses toimunud\u00a0seminari <em>SHV projekti fookuses\u00a0&#8211;\u00a0k\u00f5rge riskiga inimene<\/em>loengumaterjalid:<\/p>\n<ul>\n<li><a href=\"https:\/\/eks.ee\/wp-content\/uploads\/2016\/06\/Armastus-kaib-kohu-kaudu.pdf\" target=\"_blank\">Armastus k\u00e4ib k\u00f5hu kaudu.\u00a0Kristel Ehala-Aleksejev<\/a><\/li>\n<\/ul>\n<ul>\n<li><a href=\"https:\/\/eks.ee\/wp-content\/uploads\/2016\/06\/Depressiivne-mees.pdf\" target=\"_blank\">Depressiivne mees.\u00a0Lembit Mehilane<\/a><\/li>\n<\/ul>\n<ul>\n<li><a href=\"https:\/\/eks.ee\/wp-content\/uploads\/2016\/06\/Eestikeelne-SCORE-programm.pdf\" target=\"_blank\">Eestikeelse SCORE arvutiprogrammi esmatutvustus. Margus Viigimaa<\/a><\/li>\n<\/ul>\n<ul>\n<li><a href=\"https:\/\/eks.ee\/wp-content\/uploads\/2016\/06\/Kes-otsustab-mis-inimesele-hea.pdf\" target=\"_blank\">Kes teab ja otsustab, mis inimesele on hea?\u00a0Andres Soosaar<\/a><\/li>\n<\/ul>\n<ul>\n<li><a href=\"https:\/\/eks.ee\/wp-content\/uploads\/2016\/06\/SVH-programm-seminar.pdf\" target=\"_blank\">Eesti s\u00fcdame-veresoonkonna haiguste ennetamise projekti suunad 2010. aastal. Margus Viigimaa<\/a><\/li>\n<\/ul>\n<p>31.03.2011 Tallinnas Viru Hotelli konverentsikeskuses toimunud seminari <em>SVH ennetamine Eestis 2011\u00a0<\/em>loengumaterjalid:<strong><br \/>\n<\/strong><\/p>\n<ul>\n<li><a href=\"https:\/\/eks.ee\/wp-content\/uploads\/2016\/06\/SVH_seminar_Viigimaa_310311.pdf\" target=\"_blank\">Eesti s\u00fcdame-veresoonkonna haiguste ennetamise programm 2010.a. tulemused ja 2011. aasta tegevused. Prof Margus Viigimaa<\/a><\/li>\n<\/ul>\n<ul>\n<li><a href=\"https:\/\/eks.ee\/wp-content\/uploads\/2016\/06\/SVH_ennetus_Martinson.ppt\">SVH riskitegurite hindamine perearstipraktises. Dr Katrin Martinson<\/a><\/li>\n<\/ul>\n<ul>\n<li><a href=\"https:\/\/eks.ee\/wp-content\/uploads\/2016\/06\/Ratnik-S\u00fcdamekabinet_ettekanne-2011.pdf\" target=\"_blank\">K\u00f5rge SVH riskiga patsientide uurimine ja n\u00f5ustamine s\u00fcdamekabinetis.\u00a0Dr Evelin Ratnik<\/a><\/li>\n<\/ul>\n<ul>\n<li><a href=\"https:\/\/eks.ee\/wp-content\/uploads\/2016\/06\/Levin_toitumine-3-06-03-11-.ppt\">S\u00fcdame ja vereringe haigused. Kas aitavad ainult ravimid? V\u00f5i on v\u00f5imalik toitumisega ka ise ennast aidata? Dr Adik Levin<\/a><\/li>\n<\/ul>\n","protected":false},"excerpt":{"rendered":"<p>11.02.2010 Tartu Atlantise Konverentsikeskuses toimunud\u00a0seminari SHV projekti fookuses\u00a0&#8211;\u00a0k\u00f5rge riskiga inimeneloengumaterjalid: Armastus k\u00e4ib k\u00f5hu kaudu.\u00a0Kristel Ehala-Aleksejev Depressiivne mees.\u00a0Lembit Mehilane Eestikeelse SCORE arvutiprogrammi esmatutvustus. Margus Viigimaa Kes teab ja otsustab, mis inimesele [&hellip;]<\/p>\n","protected":false},"author":312,"featured_media":0,"parent":1126,"menu_order":0,"comment_status":"closed","ping_status":"closed","template":"templates\/ennetus_template.php","meta":{"_acf_changed":false,"footnotes":""},"class_list":["post-1137","page","type-page","status-publish","hentry"],"acf":[],"yoast_head":"<!-- This site is optimized with the Yoast SEO plugin v27.4 - https:\/\/yoast.com\/product\/yoast-seo-wordpress\/ -->\n<title>Lectures - Eesti Kardioloogide Selts<\/title>\n<meta name=\"robots\" content=\"index, follow, max-snippet:-1, max-image-preview:large, max-video-preview:-1\" \/>\n<link rel=\"canonical\" href=\"https:\/\/eks.ee\/en\/epidemiology-prevention-workgroup\/lectures\/\" \/>\n<meta property=\"og:locale\" content=\"en_US\" \/>\n<meta property=\"og:type\" content=\"article\" \/>\n<meta property=\"og:title\" content=\"Lectures - Eesti Kardioloogide Selts\" \/>\n<meta property=\"og:description\" content=\"11.02.2010 Tartu Atlantise Konverentsikeskuses toimunud\u00a0seminari SHV projekti fookuses\u00a0&#8211;\u00a0k\u00f5rge riskiga inimeneloengumaterjalid: Armastus k\u00e4ib k\u00f5hu kaudu.\u00a0Kristel Ehala-Aleksejev Depressiivne mees.\u00a0Lembit Mehilane Eestikeelse SCORE arvutiprogrammi esmatutvustus. Margus Viigimaa Kes teab ja otsustab, mis inimesele [&hellip;]\" \/>\n<meta property=\"og:url\" content=\"https:\/\/eks.ee\/en\/epidemiology-prevention-workgroup\/lectures\/\" \/>\n<meta property=\"og:site_name\" content=\"Eesti Kardioloogide Selts\" \/>\n<meta name=\"twitter:card\" content=\"summary_large_image\" \/>\n<meta name=\"twitter:label1\" content=\"Est. reading time\" \/>\n\t<meta name=\"twitter:data1\" content=\"1 minute\" \/>\n<script type=\"application\/ld+json\" class=\"yoast-schema-graph\">{\"@context\":\"https:\\\/\\\/schema.org\",\"@graph\":[{\"@type\":\"WebPage\",\"@id\":\"https:\\\/\\\/eks.ee\\\/en\\\/epidemiology-prevention-workgroup\\\/lectures\\\/\",\"url\":\"https:\\\/\\\/eks.ee\\\/en\\\/epidemiology-prevention-workgroup\\\/lectures\\\/\",\"name\":\"Lectures - Eesti Kardioloogide Selts\",\"isPartOf\":{\"@id\":\"https:\\\/\\\/eks.ee\\\/#website\"},\"datePublished\":\"2017-06-19T12:40:27+00:00\",\"breadcrumb\":{\"@id\":\"https:\\\/\\\/eks.ee\\\/en\\\/epidemiology-prevention-workgroup\\\/lectures\\\/#breadcrumb\"},\"inLanguage\":\"en-US\",\"potentialAction\":[{\"@type\":\"ReadAction\",\"target\":[\"https:\\\/\\\/eks.ee\\\/en\\\/epidemiology-prevention-workgroup\\\/lectures\\\/\"]}]},{\"@type\":\"BreadcrumbList\",\"@id\":\"https:\\\/\\\/eks.ee\\\/en\\\/epidemiology-prevention-workgroup\\\/lectures\\\/#breadcrumb\",\"itemListElement\":[{\"@type\":\"ListItem\",\"position\":1,\"name\":\"Home\",\"item\":\"https:\\\/\\\/eks.ee\\\/en\\\/\"},{\"@type\":\"ListItem\",\"position\":2,\"name\":\"Epidemiology and prevention workgroup\",\"item\":\"https:\\\/\\\/eks.ee\\\/en\\\/?page_id=1126\"},{\"@type\":\"ListItem\",\"position\":3,\"name\":\"Lectures\"}]},{\"@type\":\"WebSite\",\"@id\":\"https:\\\/\\\/eks.ee\\\/#website\",\"url\":\"https:\\\/\\\/eks.ee\\\/\",\"name\":\"Eesti Kardioloogide Selts\",\"description\":\"\",\"potentialAction\":[{\"@type\":\"SearchAction\",\"target\":{\"@type\":\"EntryPoint\",\"urlTemplate\":\"https:\\\/\\\/eks.ee\\\/?s={search_term_string}\"},\"query-input\":{\"@type\":\"PropertyValueSpecification\",\"valueRequired\":true,\"valueName\":\"search_term_string\"}}],\"inLanguage\":\"en-US\"}]}<\/script>\n<!-- \/ Yoast SEO plugin. -->","yoast_head_json":{"title":"Lectures - Eesti Kardioloogide Selts","robots":{"index":"index","follow":"follow","max-snippet":"max-snippet:-1","max-image-preview":"max-image-preview:large","max-video-preview":"max-video-preview:-1"},"canonical":"https:\/\/eks.ee\/en\/epidemiology-prevention-workgroup\/lectures\/","og_locale":"en_US","og_type":"article","og_title":"Lectures - Eesti Kardioloogide Selts","og_description":"11.02.2010 Tartu Atlantise Konverentsikeskuses toimunud\u00a0seminari SHV projekti fookuses\u00a0&#8211;\u00a0k\u00f5rge riskiga inimeneloengumaterjalid: Armastus k\u00e4ib k\u00f5hu kaudu.\u00a0Kristel Ehala-Aleksejev Depressiivne mees.\u00a0Lembit Mehilane Eestikeelse SCORE arvutiprogrammi esmatutvustus. Margus Viigimaa Kes teab ja otsustab, mis inimesele [&hellip;]","og_url":"https:\/\/eks.ee\/en\/epidemiology-prevention-workgroup\/lectures\/","og_site_name":"Eesti Kardioloogide Selts","twitter_card":"summary_large_image","twitter_misc":{"Est. reading time":"1 minute"},"schema":{"@context":"https:\/\/schema.org","@graph":[{"@type":"WebPage","@id":"https:\/\/eks.ee\/en\/epidemiology-prevention-workgroup\/lectures\/","url":"https:\/\/eks.ee\/en\/epidemiology-prevention-workgroup\/lectures\/","name":"Lectures - Eesti Kardioloogide Selts","isPartOf":{"@id":"https:\/\/eks.ee\/#website"},"datePublished":"2017-06-19T12:40:27+00:00","breadcrumb":{"@id":"https:\/\/eks.ee\/en\/epidemiology-prevention-workgroup\/lectures\/#breadcrumb"},"inLanguage":"en-US","potentialAction":[{"@type":"ReadAction","target":["https:\/\/eks.ee\/en\/epidemiology-prevention-workgroup\/lectures\/"]}]},{"@type":"BreadcrumbList","@id":"https:\/\/eks.ee\/en\/epidemiology-prevention-workgroup\/lectures\/#breadcrumb","itemListElement":[{"@type":"ListItem","position":1,"name":"Home","item":"https:\/\/eks.ee\/en\/"},{"@type":"ListItem","position":2,"name":"Epidemiology and prevention workgroup","item":"https:\/\/eks.ee\/en\/?page_id=1126"},{"@type":"ListItem","position":3,"name":"Lectures"}]},{"@type":"WebSite","@id":"https:\/\/eks.ee\/#website","url":"https:\/\/eks.ee\/","name":"Eesti Kardioloogide Selts","description":"","potentialAction":[{"@type":"SearchAction","target":{"@type":"EntryPoint","urlTemplate":"https:\/\/eks.ee\/?s={search_term_string}"},"query-input":{"@type":"PropertyValueSpecification","valueRequired":true,"valueName":"search_term_string"}}],"inLanguage":"en-US"}]}},"_links":{"self":[{"href":"https:\/\/eks.ee\/en\/wp-json\/wp\/v2\/pages\/1137","targetHints":{"allow":["GET"]}}],"collection":[{"href":"https:\/\/eks.ee\/en\/wp-json\/wp\/v2\/pages"}],"about":[{"href":"https:\/\/eks.ee\/en\/wp-json\/wp\/v2\/types\/page"}],"author":[{"embeddable":true,"href":"https:\/\/eks.ee\/en\/wp-json\/wp\/v2\/users\/312"}],"replies":[{"embeddable":true,"href":"https:\/\/eks.ee\/en\/wp-json\/wp\/v2\/comments?post=1137"}],"version-history":[{"count":1,"href":"https:\/\/eks.ee\/en\/wp-json\/wp\/v2\/pages\/1137\/revisions"}],"predecessor-version":[{"id":1138,"href":"https:\/\/eks.ee\/en\/wp-json\/wp\/v2\/pages\/1137\/revisions\/1138"}],"up":[{"embeddable":true,"href":"https:\/\/eks.ee\/en\/wp-json\/wp\/v2\/pages\/1126"}],"wp:attachment":[{"href":"https:\/\/eks.ee\/en\/wp-json\/wp\/v2\/media?parent=1137"}],"curies":[{"name":"wp","href":"https:\/\/api.w.org\/{rel}","templated":true}]}}